{"id":9774,"date":"2018-10-24T10:48:04","date_gmt":"2018-10-24T08:48:04","guid":{"rendered":"http:\/\/www.reserveroyale.com\/das-savoir-faire\/"},"modified":"2018-10-24T14:45:33","modified_gmt":"2018-10-24T12:45:33","slug":"das-savoir-faire","status":"publish","type":"page","link":"https:\/\/www.reserveroyale.com\/de\/das-savoir-faire\/","title":{"rendered":"Das Savoir-Faire"},"content":{"rendered":"<p>[et_pb_section fb_built=&#8220;1&#8243; _builder_version=&#8220;3.0.105&#8243; background_image=&#8220;http:\/\/www.reserveroyale.com\/wp-content\/uploads\/2018\/03\/reserve_royale_savoir-faire-hops.jpg&#8220; custom_margin=&#8220;|||&#8220; custom_padding=&#8220;12%|0px|15%|0px&#8220;][et_pb_row _builder_version=&#8220;3.0.105&#8243;][et_pb_column type=&#8220;4_4&#8243; _builder_version=&#8220;3.0.47&#8243; parallax=&#8220;off&#8220; parallax_method=&#8220;on&#8220;][et_pb_text _builder_version=&#8220;3.0.105&#8243; text_font=&#8220;Playfair Display||||||||&#8220; text_font_size=&#8220;20px&#8220; header_font=&#8220;||||||||&#8220; background_color=&#8220;#ffffff&#8220; custom_margin=&#8220;|||&#8220; custom_padding=&#8220;10%||10%|&#8220;]<\/p>\n<h1 class=\"vc_custom_heading\" style=\"text-align: center;\">Das Savoir-Faire<\/h1>\n<p style=\"text-align: center;\">______<\/p>\n<p class=\"vc_custom_heading\" style=\"text-align: center;\"><em>&#8222;Durch Tradition neu erfinden&#8220;<\/em><\/p>\n<p>[\/et_pb_text][\/et_pb_column][\/et_pb_row][\/et_pb_section][et_pb_section fb_built=&#8220;1&#8243; _builder_version=&#8220;3.0.105&#8243; custom_padding=&#8220;0px|0px|0px|0px&#8220;][et_pb_row make_fullwidth=&#8220;on&#8220; use_custom_gutter=&#8220;on&#8220; gutter_width=&#8220;1&#8243; custom_padding=&#8220;0px|0px|0px|0px&#8220; make_equal=&#8220;on&#8220; bg_img_1=&#8220;http:\/\/www.reserveroyale.com\/wp-content\/uploads\/2018\/03\/reserve_royale_belgium.jpg&#8220; padding_top_2=&#8220;7%&#8220; padding_right_2=&#8220;4%&#8220; padding_bottom_2=&#8220;7%&#8220; padding_left_2=&#8220;4%&#8220; _builder_version=&#8220;3.0.105&#8243; module_alignment=&#8220;center&#8220;][et_pb_column type=&#8220;1_2&#8243; _builder_version=&#8220;3.0.47&#8243; bg_img=&#8220;http:\/\/www.reserveroyale.com\/wp-content\/uploads\/2018\/03\/reserve_royale_belgium.jpg&#8220; parallax=&#8220;off&#8220; parallax_method=&#8220;on&#8220;][\/et_pb_column][et_pb_column type=&#8220;1_2&#8243; _builder_version=&#8220;3.0.47&#8243; padding_bottom=&#8220;7%&#8220; padding_left=&#8220;4%&#8220; padding_right=&#8220;4%&#8220; padding_top=&#8220;7%&#8220; parallax=&#8220;off&#8220; parallax_method=&#8220;on&#8220;][et_pb_text _builder_version=&#8220;3.0.105&#8243; text_font=&#8220;||||||||&#8220; text_line_height=&#8220;2em&#8220; header_font=&#8220;||||||||&#8220; header_2_font=&#8220;||||||||&#8220; header_2_line_height=&#8220;3em&#8220; max_width=&#8220;63%&#8220; module_alignment=&#8220;center&#8220; custom_margin=&#8220;15%||15%|&#8220; custom_padding=&#8220;|||&#8220;]<\/p>\n<h2 class=\"vc_custom_heading\" style=\"text-align: center;\">Die Kulissen<\/h2>\n<div class=\"wpb_text_column wpb_content_element \">\n<div class=\"wpb_wrapper\">\n<p style=\"text-align: justify;\">La R\u00e9serve Royale wurde im n\u00f6rdlichen Belgien, in Halen, innerhalb der Mauern der Pionierbrauerei konzipiert, wo unser ber\u00fchmter Braumeister bereits einige der heutigen besten Biere kreiert und gebraut hat. Fast zwei Jahre waren n\u00f6tig, um die perfekte Balance zwischen malziger und hopfiger Note zu finden. Aufmerksamkeit wurde dem Sprudeln gewidmet, um feinste Blasen und einen leichten Schaum zu erhalten. Es enth\u00e4lt auch kaum fruchtige Noten &#8211; etwas, was in einem Flaschenbier eher selten ist. Eine ausgewogene Mischung aus den besten Zutaten und einem intimem Wissen \u00fcber moderne traditionelle Brautechniken, brachte Leben in die R\u00e9serve Royale. Ein Bier von solch einwandfreiem Stil und Zucht hat es verdient, als &#8222;edles Produkt&#8220; bezeichnet zu werden. <\/p>\n<p style=\"text-align: justify;\">Daher muss es in extrem begrenzten Mengen hergestellt werden.<\/p>\n<p style=\"text-align: center;\">\n<\/div>\n<\/div>\n<p>[\/et_pb_text][\/et_pb_column][\/et_pb_row][et_pb_row make_fullwidth=&#8220;on&#8220; use_custom_gutter=&#8220;on&#8220; gutter_width=&#8220;1&#8243; custom_padding=&#8220;0px|0px|0px|0px&#8220; make_equal=&#8220;on&#8220; bg_img_2=&#8220;http:\/\/www.reserveroyale.com\/wp-content\/uploads\/2017\/09\/8.jpg&#8220; padding_top_1=&#8220;7%&#8220; padding_right_1=&#8220;4%&#8220; padding_bottom_1=&#8220;7%&#8220; padding_left_1=&#8220;4%&#8220; parallax_method_2=&#8220;off&#8220; background_size_2=&#8220;cover&#8220; background_position_2=&#8220;center&#8220; background_blend_2=&#8220;normal&#8220; _builder_version=&#8220;3.0.105&#8243; module_alignment=&#8220;center&#8220;][et_pb_column type=&#8220;1_2&#8243; _builder_version=&#8220;3.0.47&#8243; padding_bottom=&#8220;7%&#8220; padding_left=&#8220;4%&#8220; padding_right=&#8220;4%&#8220; padding_top=&#8220;7%&#8220; parallax=&#8220;off&#8220; parallax_method=&#8220;on&#8220;][et_pb_text _builder_version=&#8220;3.0.105&#8243; text_font=&#8220;||||||||&#8220; text_line_height=&#8220;2em&#8220; header_font=&#8220;||||||||&#8220; header_2_font=&#8220;||||||||&#8220; header_2_line_height=&#8220;3em&#8220; max_width=&#8220;63%&#8220; module_alignment=&#8220;center&#8220; custom_margin=&#8220;15%||15%|&#8220; custom_padding=&#8220;|||&#8220;]<\/p>\n<h2 class=\"vc_custom_heading\" style=\"text-align: center;\">Die Herstellung<\/h2>\n<div class=\"wpb_text_column wpb_content_element \">\n<div class=\"wpb_wrapper\">\n<p style=\"text-align: justify;\">La R\u00e9serve Royale wird aus 100% belgischen und lokalen Zutaten hergestellt und wird aus den besten Malzsorten der Welt und einer Mischung aus aromatischem Hopfen in kleinen Familienbetrieben gebraut, welche Qualit\u00e4t und Tradition h\u00fcten. Im Gegensatz zu Industriebieren deren Produktion unterg\u00e4rig ist, wurde die R\u00e9sere Royale oberg\u00e4rig produziert. Diese traditionelle Technik ist eine Qualit\u00e4tsgarantie, welche Liebhaber erkennen werden. In einem dunklen, feuchten Raum, welcher auf 25 \u00b0C erhitzt wird, wird das Bier nach der Abf\u00fcllung 20 Tage nachgegoren.  Danach liegen die Flaschen 2 bis 3 Monate im k\u00fchlen, um den Reifeprozess des Bieres abzuschlie\u00dfen.<\/p>\n<p style=\"text-align: justify;\">Diese Doppel-Brautechnik, Oberg\u00e4rung und Nachg\u00e4rung in der Flasche, bietet die komplexesten und reichsten Aromen, welche es w\u00fcrdig sind, die feinsten Gerichte zu begleiten.<\/p>\n<p style=\"text-align: center;\">\n<\/div>\n<\/div>\n<p>[\/et_pb_text][\/et_pb_column][et_pb_column type=&#8220;1_2&#8243; _builder_version=&#8220;3.0.47&#8243; bg_img=&#8220;http:\/\/www.reserveroyale.com\/wp-content\/uploads\/2017\/09\/8.jpg&#8220; parallax=&#8220;off&#8220; parallax_method=&#8220;off&#8220; background_size=&#8220;cover&#8220; background_position=&#8220;center&#8220; background_blend=&#8220;normal&#8220;][\/et_pb_column][\/et_pb_row][\/et_pb_section][et_pb_section fb_built=&#8220;1&#8243; _builder_version=&#8220;3.0.105&#8243; custom_padding=&#8220;70px|0px|54px|0px&#8220; global_module=&#8220;9025&#8243; saved_tabs=&#8220;all&#8220;][et_pb_row use_custom_width=&#8220;on&#8220; width_unit=&#8220;off&#8220; custom_width_percent=&#8220;100%&#8220; custom_padding=&#8220;0px|0px|0px|0px&#8220; _builder_version=&#8220;3.0.105&#8243; module_alignment=&#8220;center&#8220;][et_pb_column type=&#8220;4_4&#8243; _builder_version=&#8220;3.0.47&#8243; parallax=&#8220;off&#8220; parallax_method=&#8220;on&#8220;][et_pb_text _builder_version=&#8220;3.0.105&#8243;]<\/p>\n<h2 style=\"text-align: center;\">Latest from our instagram<\/h2>\n<p style=\"text-align: center;\">@reserveroyale<\/p>\n<p>[\/et_pb_text][et_pb_text _builder_version=&#8220;3.0.105&#8243;]<\/p>\n\n<div id=\"sb_instagram\"  class=\"sbi sbi_mob_col_1 sbi_tab_col_2 sbi_col_4\" style=\"padding-bottom: 20px; width: 100%;\"\t data-feedid=\"sbi_17841402298472170#4\"  data-res=\"auto\" data-cols=\"4\" data-colsmobile=\"1\" data-colstablet=\"2\" data-num=\"4\" data-nummobile=\"\" data-item-padding=\"10\"\t data-shortcode-atts=\"{&quot;num&quot;:&quot;4&quot;,&quot;cols&quot;:&quot;4&quot;}\"  data-postid=\"9774\" data-locatornonce=\"0f9b7193aa\" data-imageaspectratio=\"1:1\" data-sbi-flags=\"favorLocal\">\n\t\n\t<div id=\"sbi_images\"  style=\"gap: 20px;\">\n\t\t\t<\/div>\n\n\t<div id=\"sbi_load\" >\n\n\t\n\t\t\t<span class=\"sbi_follow_btn\" >\n\t\t\t<a target=\"_blank\"\n\t\t\t\trel=\"nofollow noopener\"  href=\"https:\/\/www.instagram.com\/17841402298472170\/\">\n\t\t\t\t<svg class=\"svg-inline--fa fa-instagram fa-w-14\" aria-hidden=\"true\" data-fa-processed=\"\" aria-label=\"Instagram\" data-prefix=\"fab\" data-icon=\"instagram\" role=\"img\" viewBox=\"0 0 448 512\">\n                    <path fill=\"currentColor\" d=\"M224.1 141c-63.6 0-114.9 51.3-114.9 114.9s51.3 114.9 114.9 114.9S339 319.5 339 255.9 287.7 141 224.1 141zm0 189.6c-41.1 0-74.7-33.5-74.7-74.7s33.5-74.7 74.7-74.7 74.7 33.5 74.7 74.7-33.6 74.7-74.7 74.7zm146.4-194.3c0 14.9-12 26.8-26.8 26.8-14.9 0-26.8-12-26.8-26.8s12-26.8 26.8-26.8 26.8 12 26.8 26.8zm76.1 27.2c-1.7-35.9-9.9-67.7-36.2-93.9-26.2-26.2-58-34.4-93.9-36.2-37-2.1-147.9-2.1-184.9 0-35.8 1.7-67.6 9.9-93.9 36.1s-34.4 58-36.2 93.9c-2.1 37-2.1 147.9 0 184.9 1.7 35.9 9.9 67.7 36.2 93.9s58 34.4 93.9 36.2c37 2.1 147.9 2.1 184.9 0 35.9-1.7 67.7-9.9 93.9-36.2 26.2-26.2 34.4-58 36.2-93.9 2.1-37 2.1-147.8 0-184.8zM398.8 388c-7.8 19.6-22.9 34.7-42.6 42.6-29.5 11.7-99.5 9-132.1 9s-102.7 2.6-132.1-9c-19.6-7.8-34.7-22.9-42.6-42.6-11.7-29.5-9-99.5-9-132.1s-2.6-102.7 9-132.1c7.8-19.6 22.9-34.7 42.6-42.6 29.5-11.7 99.5-9 132.1-9s102.7-2.6 132.1 9c19.6 7.8 34.7 22.9 42.6 42.6 11.7 29.5 9 99.5 9 132.1s2.7 102.7-9 132.1z\"><\/path>\n                <\/svg>\t\t\t\t<span>Auf Instagram folgen<\/span>\n\t\t\t<\/a>\n\t\t<\/span>\n\t\n<\/div>\n\t\t<span class=\"sbi_resized_image_data\" data-feed-id=\"sbi_17841402298472170#4\"\n\t\t  data-resized=\"[]\">\n\t<\/span>\n\t<\/div>\n\n\n<p>[\/et_pb_text][\/et_pb_column][\/et_pb_row][\/et_pb_section][et_pb_section fb_built=&#8220;1&#8243; background_color=&#8220;#efefef&#8220; _builder_version=&#8220;3.0.105&#8243; custom_padding=&#8220;0px|0px|0px|0px&#8220; global_module=&#8220;9180&#8243;][et_pb_row make_fullwidth=&#8220;on&#8220; custom_padding=&#8220;3%|0px|2%|0px&#8220; make_equal=&#8220;on&#8220; _builder_version=&#8220;3.0.105&#8243;][et_pb_column type=&#8220;4_4&#8243; _builder_version=&#8220;3.0.47&#8243; parallax=&#8220;off&#8220; parallax_method=&#8220;on&#8220;][et_pb_text _builder_version=&#8220;3.0.105&#8243; text_font=&#8220;|300||on|||||&#8220; text_font_size=&#8220;12px&#8220; text_text_color=&#8220;#000000&#8243; text_letter_spacing=&#8220;2px&#8220; text_line_height=&#8220;2.4em&#8220; header_font=&#8220;||||||||&#8220;]<\/p>\n<p style=\"text-align: center;\"><strong><a href=\"http:\/\/www.reserveroyale.com\/de\/der-geist\/\">DER GEIST<\/a><\/strong>\u00a0\u2022 <strong><a href=\"http:\/\/www.reserveroyale.com\/de\/das-erbe\/\">DAS ERBE<\/a><\/strong>\u00a0\u2022 <strong><a href=\"http:\/\/www.reserveroyale.com\/de\/das-savoir-faire\/\">DAS SAVOIR-FAIRE<\/a><\/strong>\u00a0\u2022 <strong><a href=\"http:\/\/www.reserveroyale.com\/de\/das-werk\/\">DAS WERK<\/a><\/strong>\u00a0\u2022<strong> <a href=\"http:\/\/www.reserveroyale.com\/de\/der-moment\/\">DER MOMENT<\/a><\/strong>\u00a0\u2022 <strong><a href=\"http:\/\/www.reserveroyale.com\/de\/the-diary\/\">THE DIARY<\/a>\u00a0<\/strong>\u2022<strong> <a href=\"http:\/\/buy.reserveroyale.com\">BUY<\/a>\u00a0<\/strong>\u2022 <strong><a title=\"Where to find\" href=\"\/?page_id=9575\">WHERE TO FIND<\/a><\/strong><\/p>\n<p style=\"text-align: center;\"><strong><a href=\"\/?page_id=9153\">TERMS &amp; CONDITIONS<\/a><\/strong>\u00a0\u2022 <strong><a title=\"Press corner\" href=\"mailto:fd@corniche-international.com\">PRESS CORNER<\/a><\/strong>\u00a0\u2022 <strong><a href=\"\/?page_id=9159\">CONTACT<\/a><\/strong><\/p>\n<p>[\/et_pb_text][et_pb_image src=&#8220;http:\/\/www.reserveroyale.com\/wp-content\/uploads\/2018\/03\/reserve_royale_blason.png&#8220; align=&#8220;center&#8220; _builder_version=&#8220;3.0.105&#8243; max_width=&#8220;15%&#8220;][\/et_pb_image][\/et_pb_column][\/et_pb_row][\/et_pb_section]<\/p>\n","protected":false},"excerpt":{"rendered":"<p>[et_pb_section fb_built=&#8220;1&#8243; _builder_version=&#8220;3.0.105&#8243; background_image=&#8220;http:\/\/www.reserveroyale.com\/wp-content\/uploads\/2018\/03\/reserve_royale_savoir-faire-hops.jpg&#8220; custom_margin=&#8220;|||&#8220; custom_padding=&#8220;12%|0px|15%|0px&#8220;][et_pb_row _builder_version=&#8220;3.0.105&#8243;][et_pb_column type=&#8220;4_4&#8243; _builder_version=&#8220;3.0.47&#8243; parallax=&#8220;off&#8220; parallax_method=&#8220;on&#8220;][et_pb_text _builder_version=&#8220;3.0.105&#8243; text_font=&#8220;Playfair Display||||||||&#8220; text_font_size=&#8220;20px&#8220; header_font=&#8220;||||||||&#8220; background_color=&#8220;#ffffff&#8220; custom_margin=&#8220;|||&#8220; custom_padding=&#8220;10%||10%|&#8220;] Das Savoir-Faire ______ &#8222;Durch Tradition neu erfinden&#8220; [\/et_pb_text][\/et_pb_column][\/et_pb_row][\/et_pb_section][et_pb_section fb_built=&#8220;1&#8243; _builder_version=&#8220;3.0.105&#8243; custom_padding=&#8220;0px|0px|0px|0px&#8220;][et_pb_row make_fullwidth=&#8220;on&#8220; use_custom_gutter=&#8220;on&#8220; gutter_width=&#8220;1&#8243; custom_padding=&#8220;0px|0px|0px|0px&#8220; make_equal=&#8220;on&#8220; bg_img_1=&#8220;http:\/\/www.reserveroyale.com\/wp-content\/uploads\/2018\/03\/reserve_royale_belgium.jpg&#8220; padding_top_2=&#8220;7%&#8220; padding_right_2=&#8220;4%&#8220; padding_bottom_2=&#8220;7%&#8220; padding_left_2=&#8220;4%&#8220; _builder_version=&#8220;3.0.105&#8243; module_alignment=&#8220;center&#8220;][et_pb_column type=&#8220;1_2&#8243; _builder_version=&#8220;3.0.47&#8243; bg_img=&#8220;http:\/\/www.reserveroyale.com\/wp-content\/uploads\/2018\/03\/reserve_royale_belgium.jpg&#8220; parallax=&#8220;off&#8220; parallax_method=&#8220;on&#8220;][\/et_pb_column][et_pb_column type=&#8220;1_2&#8243; _builder_version=&#8220;3.0.47&#8243; padding_bottom=&#8220;7%&#8220; padding_left=&#8220;4%&#8220; padding_right=&#8220;4%&#8220; padding_top=&#8220;7%&#8220; parallax=&#8220;off&#8220; parallax_method=&#8220;on&#8220;][et_pb_text [&hellip;]<\/p>\n","protected":false},"author":1,"featured_media":0,"parent":0,"menu_order":0,"comment_status":"closed","ping_status":"closed","template":"","meta":{"_et_pb_use_builder":"on","_et_pb_old_content":"","_et_gb_content_width":"","footnotes":""},"class_list":["post-9774","page","type-page","status-publish","hentry"],"_links":{"self":[{"href":"https:\/\/www.reserveroyale.com\/de\/wp-json\/wp\/v2\/pages\/9774\/"}],"collection":[{"href":"https:\/\/www.reserveroyale.com\/de\/wp-json\/wp\/v2\/pages\/"}],"about":[{"href":"https:\/\/www.reserveroyale.com\/de\/wp-json\/wp\/v2\/types\/page\/"}],"author":[{"embeddable":true,"href":"https:\/\/www.reserveroyale.com\/de\/wp-json\/wp\/v2\/users\/1\/"}],"replies":[{"embeddable":true,"href":"https:\/\/www.reserveroyale.com\/de\/wp-json\/wp\/v2\/comments\/?post=9774"}],"version-history":[{"count":7,"href":"https:\/\/www.reserveroyale.com\/de\/wp-json\/wp\/v2\/pages\/9774\/revisions\/"}],"predecessor-version":[{"id":9888,"href":"https:\/\/www.reserveroyale.com\/de\/wp-json\/wp\/v2\/pages\/9774\/revisions\/9888\/"}],"wp:attachment":[{"href":"https:\/\/www.reserveroyale.com\/de\/wp-json\/wp\/v2\/media\/?parent=9774"}],"curies":[{"name":"wp","href":"https:\/\/api.w.org\/{rel}","templated":true}]}}