{"id":9782,"date":"2018-10-24T11:55:29","date_gmt":"2018-10-24T09:55:29","guid":{"rendered":"http:\/\/www.reserveroyale.com\/lo-spirito\/"},"modified":"2018-10-24T14:48:50","modified_gmt":"2018-10-24T12:48:50","slug":"lo-spirito","status":"publish","type":"page","link":"https:\/\/www.reserveroyale.com\/it\/lo-spirito\/","title":{"rendered":"Lo spirito"},"content":{"rendered":"<p>[et_pb_section fb_built=&#8221;1&#8243; _builder_version=&#8221;3.0.105&#8243; background_image=&#8221;http:\/\/www.reserveroyale.com\/wp-content\/uploads\/2018\/03\/reserve_royale_belgium.jpg&#8221; custom_margin=&#8221;|||&#8221; custom_padding=&#8221;12%|0px|15%|0px&#8221;][et_pb_row _builder_version=&#8221;3.0.105&#8243;][et_pb_column type=&#8221;4_4&#8243; _builder_version=&#8221;3.0.47&#8243; parallax=&#8221;off&#8221; parallax_method=&#8221;on&#8221;][et_pb_text _builder_version=&#8221;3.0.105&#8243; text_font=&#8221;Playfair Display||||||||&#8221; text_font_size=&#8221;20px&#8221; background_color=&#8221;#ffffff&#8221; custom_margin=&#8221;|||&#8221; custom_padding=&#8221;10%||10%|&#8221;]<\/p>\n<h1 class=\"vc_custom_heading\" style=\"text-align: center;\">Lo spirito<\/h1>\n<p style=\"text-align: center;\">______<\/p>\n<p class=\"vc_custom_heading\" style=\"text-align: center;\"><em>&#8220;Un&#8217;umile ricerca d&#8217;eccellenza&#8221;<\/em><\/p>\n<p>[\/et_pb_text][\/et_pb_column][\/et_pb_row][\/et_pb_section][et_pb_section fb_built=&#8221;1&#8243; _builder_version=&#8221;3.0.105&#8243; custom_padding=&#8221;0px|0px|0px|0px&#8221;][et_pb_row make_fullwidth=&#8221;on&#8221; use_custom_gutter=&#8221;on&#8221; gutter_width=&#8221;1&#8243; custom_padding=&#8221;0px|0px|0px|0px&#8221; make_equal=&#8221;on&#8221; bg_img_2=&#8221;http:\/\/www.reserveroyale.com\/wp-content\/uploads\/2018\/03\/reserve_royale_the_passionpsd.jpg&#8221; padding_top_1=&#8221;7%&#8221; padding_right_1=&#8221;4%&#8221; padding_bottom_1=&#8221;7%&#8221; padding_left_1=&#8221;4%&#8221; parallax_method_2=&#8221;off&#8221; background_size_2=&#8221;cover&#8221; background_position_2=&#8221;center&#8221; background_blend_2=&#8221;normal&#8221; padding_1_last_edited=&#8221;on|desktop&#8221; _builder_version=&#8221;3.0.105&#8243;][et_pb_column type=&#8221;1_2&#8243; _builder_version=&#8221;3.0.47&#8243; padding_last_edited=&#8221;on|desktop&#8221; padding_bottom=&#8221;7%&#8221; padding_left=&#8221;4%&#8221; padding_right=&#8221;4%&#8221; padding_top=&#8221;7%&#8221; parallax=&#8221;off&#8221; parallax_method=&#8221;on&#8221;][et_pb_text _builder_version=&#8221;3.0.105&#8243; text_font=&#8221;||||||||&#8221; text_line_height=&#8221;2em&#8221; header_font=&#8221;||||||||&#8221; header_2_font=&#8221;||||||||&#8221; header_2_line_height=&#8221;3em&#8221; max_width=&#8221;65%&#8221; max_width_last_edited=&#8221;on|phone&#8221; module_alignment=&#8221;center&#8221; custom_margin=&#8221;|||&#8221; custom_padding=&#8221;|||&#8221;]<\/p>\n<h2 class=\"vc_custom_heading\" style=\"text-align: center;\">La passione<\/h2>\n<div class=\"wpb_text_column wpb_content_element \">\n<div class=\"wpb_wrapper\">\n<p style=\"text-align: justify;\">Una combinazione di esperienza tradizionale e modernit\u00e0 del XXI secolo, R\u00e9serve Royale \u00e8 una prestigiosa birra belga da gustare come uno champagne. Un omaggio alla monarchia belga, come prestigioso ambasciatore del nostro paese in tutto il mondo, il nome R\u00e9serve Royale fa anche riferimento alle annate eccezionali prodotte nel mondo del vino e dei liquori.<\/p>\n<p style=\"text-align: justify;\">\u00a0Questa creazione ha richiesto anni per raggiungere e coinvolgere un gran numero di artigiani &#8211; coltivatori, mastri birrai, chef, baristi e sommelier, designer, illustratori, ma soprattutto sognatori \u2013 tutte eccellenze, ognuna nel proprio settore, persone altamente qualificate con un talento per l&#8217;innovazione e una capacit\u00e0 di pensare fuori dagli schemi, o nel nostro caso, fuori della bottiglia.<\/p>\n<p style=\"text-align: justify;\">Abbiamo prodotto ci\u00f2 che consideriamo essere la nostra opera d&#8217;arte: la miscela pi\u00f9 pura delle nostre abilit\u00e0.<\/p>\n<p style=\"text-align: center;\"><a href=\"http:\/\/www.reserveroyale.com\/it\/il-momento\/\">Scopri di pi\u00f9 su come gustare La R\u00e9serve Royale<\/a><\/p>\n<\/div>\n<\/div>\n<p>[\/et_pb_text][\/et_pb_column][et_pb_column type=&#8221;1_2&#8243; _builder_version=&#8221;3.0.47&#8243; bg_img=&#8221;http:\/\/www.reserveroyale.com\/wp-content\/uploads\/2018\/03\/reserve_royale_the_passionpsd.jpg&#8221; parallax=&#8221;off&#8221; parallax_method=&#8221;off&#8221; background_size=&#8221;cover&#8221; background_position=&#8221;center&#8221; background_blend=&#8221;normal&#8221;][\/et_pb_column][\/et_pb_row][et_pb_row make_fullwidth=&#8221;on&#8221; use_custom_gutter=&#8221;on&#8221; gutter_width=&#8221;1&#8243; custom_padding=&#8221;0px|0px|0px|0px&#8221; make_equal=&#8221;on&#8221; bg_img_1=&#8221;http:\/\/www.reserveroyale.com\/wp-content\/uploads\/2018\/03\/reserve_royale_modernity.jpg&#8221; padding_top_2=&#8221;7%&#8221; padding_right_2=&#8221;4%&#8221; padding_bottom_2=&#8221;7%&#8221; padding_left_2=&#8221;4%&#8221; _builder_version=&#8221;3.0.105&#8243; module_alignment=&#8221;center&#8221;][et_pb_column type=&#8221;1_2&#8243; _builder_version=&#8221;3.0.47&#8243; bg_img=&#8221;http:\/\/www.reserveroyale.com\/wp-content\/uploads\/2018\/03\/reserve_royale_modernity.jpg&#8221; parallax=&#8221;off&#8221; parallax_method=&#8221;on&#8221;][\/et_pb_column][et_pb_column type=&#8221;1_2&#8243; _builder_version=&#8221;3.0.47&#8243; padding_bottom=&#8221;7%&#8221; padding_left=&#8221;4%&#8221; padding_right=&#8221;4%&#8221; padding_top=&#8221;7%&#8221; parallax=&#8221;off&#8221; parallax_method=&#8221;on&#8221;][et_pb_text _builder_version=&#8221;3.0.105&#8243; text_font=&#8221;||||||||&#8221; text_line_height=&#8221;2em&#8221; header_font=&#8221;||||||||&#8221; header_2_font=&#8221;||||||||&#8221; header_2_line_height=&#8221;3em&#8221; max_width=&#8221;65%&#8221; max_width_last_edited=&#8221;on|desktop&#8221; module_alignment=&#8221;center&#8221; custom_margin=&#8221;|||&#8221; custom_padding=&#8221;|||&#8221;]<\/p>\n<h2 class=\"vc_custom_heading\" style=\"text-align: center;\">Una visione moderna<\/h2>\n<div class=\"wpb_text_column wpb_content_element \">\n<div class=\"wpb_wrapper\">\n<p style=\"text-align: justify;\">La birra \u00e8 la bevanda alcolica pi\u00f9 antica e pi\u00f9 consumata al mondo. Dopo l&#8217;acqua e il t\u00e8, \u00e8 la terza bevanda pi\u00f9 popolare in assoluto. Di conseguenza, molte persone pensano che la birra sia qualcosa di molto ordinario.\u00a0Ma tutto ci\u00f2 sta per cambiare. Con R\u00e9serve Royale miriamo a riconquistare il riconoscimento che la birra tanto merita.<\/p>\n<p style=\"text-align: justify;\">La R\u00e9serve Royale \u00e8 la nostra visione di una birra per il XXI secolo. Un prodotto che pu\u00f2 essere servito con orgoglio ai tavoli pi\u00f9 prestigiosi del mondo o semplicemente sorseggiato al sole mentre ci si rilassa sulla spiaggia &#8211; un prodotto per soddisfare le aspettative del consumatore moderno e che cambier\u00e0 per sempre la nostra percezione della birra.<\/p>\n<p style=\"text-align: center;\">\n<\/div>\n<\/div>\n<p>[\/et_pb_text][\/et_pb_column][\/et_pb_row][\/et_pb_section][et_pb_section fb_built=&#8221;1&#8243; _builder_version=&#8221;3.0.105&#8243; custom_padding=&#8221;70px|0px|54px|0px&#8221; global_module=&#8221;9025&#8243; saved_tabs=&#8221;all&#8221;][et_pb_row use_custom_width=&#8221;on&#8221; width_unit=&#8221;off&#8221; custom_width_percent=&#8221;100%&#8221; custom_padding=&#8221;0px|0px|0px|0px&#8221; _builder_version=&#8221;3.0.105&#8243; module_alignment=&#8221;center&#8221;][et_pb_column type=&#8221;4_4&#8243; _builder_version=&#8221;3.0.47&#8243; parallax=&#8221;off&#8221; parallax_method=&#8221;on&#8221;][et_pb_text _builder_version=&#8221;3.0.105&#8243;]<\/p>\n<h2 style=\"text-align: center;\">Latest from our instagram<\/h2>\n<p style=\"text-align: center;\">@reserveroyale<\/p>\n<p>[\/et_pb_text][et_pb_text _builder_version=&#8221;3.0.105&#8243;]<\/p>\n\n<div id=\"sb_instagram\"  class=\"sbi sbi_mob_col_1 sbi_tab_col_2 sbi_col_4\" style=\"padding-bottom: 20px; width: 100%;\"\t data-feedid=\"sbi_17841402298472170#4\"  data-res=\"auto\" data-cols=\"4\" data-colsmobile=\"1\" data-colstablet=\"2\" data-num=\"4\" data-nummobile=\"\" data-item-padding=\"10\"\t data-shortcode-atts=\"{&quot;num&quot;:&quot;4&quot;,&quot;cols&quot;:&quot;4&quot;}\"  data-postid=\"9782\" data-locatornonce=\"b06da4a3ee\" data-imageaspectratio=\"1:1\" data-sbi-flags=\"favorLocal\">\n\t\n\t<div id=\"sbi_images\"  style=\"gap: 20px;\">\n\t\t\t<\/div>\n\n\t<div id=\"sbi_load\" >\n\n\t\n\t\t\t<span class=\"sbi_follow_btn\" >\n\t\t\t<a target=\"_blank\"\n\t\t\t\trel=\"nofollow noopener\"  href=\"https:\/\/www.instagram.com\/17841402298472170\/\">\n\t\t\t\t<svg class=\"svg-inline--fa fa-instagram fa-w-14\" aria-hidden=\"true\" data-fa-processed=\"\" aria-label=\"Instagram\" data-prefix=\"fab\" data-icon=\"instagram\" role=\"img\" viewBox=\"0 0 448 512\">\n                    <path fill=\"currentColor\" d=\"M224.1 141c-63.6 0-114.9 51.3-114.9 114.9s51.3 114.9 114.9 114.9S339 319.5 339 255.9 287.7 141 224.1 141zm0 189.6c-41.1 0-74.7-33.5-74.7-74.7s33.5-74.7 74.7-74.7 74.7 33.5 74.7 74.7-33.6 74.7-74.7 74.7zm146.4-194.3c0 14.9-12 26.8-26.8 26.8-14.9 0-26.8-12-26.8-26.8s12-26.8 26.8-26.8 26.8 12 26.8 26.8zm76.1 27.2c-1.7-35.9-9.9-67.7-36.2-93.9-26.2-26.2-58-34.4-93.9-36.2-37-2.1-147.9-2.1-184.9 0-35.8 1.7-67.6 9.9-93.9 36.1s-34.4 58-36.2 93.9c-2.1 37-2.1 147.9 0 184.9 1.7 35.9 9.9 67.7 36.2 93.9s58 34.4 93.9 36.2c37 2.1 147.9 2.1 184.9 0 35.9-1.7 67.7-9.9 93.9-36.2 26.2-26.2 34.4-58 36.2-93.9 2.1-37 2.1-147.8 0-184.8zM398.8 388c-7.8 19.6-22.9 34.7-42.6 42.6-29.5 11.7-99.5 9-132.1 9s-102.7 2.6-132.1-9c-19.6-7.8-34.7-22.9-42.6-42.6-11.7-29.5-9-99.5-9-132.1s-2.6-102.7 9-132.1c7.8-19.6 22.9-34.7 42.6-42.6 29.5-11.7 99.5-9 132.1-9s102.7-2.6 132.1 9c19.6 7.8 34.7 22.9 42.6 42.6 11.7 29.5 9 99.5 9 132.1s2.7 102.7-9 132.1z\"><\/path>\n                <\/svg>\t\t\t\t<span>Segui su Instagram<\/span>\n\t\t\t<\/a>\n\t\t<\/span>\n\t\n<\/div>\n\t\t<span class=\"sbi_resized_image_data\" data-feed-id=\"sbi_17841402298472170#4\"\n\t\t  data-resized=\"[]\">\n\t<\/span>\n\t<\/div>\n\n\n<p>[\/et_pb_text][\/et_pb_column][\/et_pb_row][\/et_pb_section][et_pb_section fb_built=&#8221;1&#8243; background_color=&#8221;#efefef&#8221; _builder_version=&#8221;3.0.105&#8243; custom_padding=&#8221;0px|0px|0px|0px&#8221; global_module=&#8221;9180&#8243;][et_pb_row make_fullwidth=&#8221;on&#8221; custom_padding=&#8221;3%|0px|2%|0px&#8221; make_equal=&#8221;on&#8221; _builder_version=&#8221;3.0.105&#8243;][et_pb_column type=&#8221;4_4&#8243; _builder_version=&#8221;3.0.47&#8243; parallax=&#8221;off&#8221; parallax_method=&#8221;on&#8221;][et_pb_text _builder_version=&#8221;3.0.105&#8243; text_font=&#8221;|300||on|||||&#8221; text_font_size=&#8221;12px&#8221; text_text_color=&#8221;#000000&#8243; text_letter_spacing=&#8221;2px&#8221; text_line_height=&#8221;2.4em&#8221; header_font=&#8221;||||||||&#8221;]<\/p>\n<p style=\"text-align: center;\"><strong><a href=\"http:\/\/www.reserveroyale.com\/it\/lo-spirito\/\">LO SPIRITO<\/a><\/strong>\u00a0\u2022 <strong><a href=\"http:\/\/www.reserveroyale.com\/it\/il-patrimonio\/\">IL PATRIMONIO<\/a><\/strong>\u00a0\u2022 <strong><a href=\"http:\/\/www.reserveroyale.com\/it\/the-savoir-faire\/\">THE SAVOIR-FAIRE<\/a><\/strong>\u00a0\u2022 <strong><a href=\"http:\/\/www.reserveroyale.com\/it\/lopera\/\">L&#8217;OPERA<\/a><\/strong>\u00a0\u2022 <strong><a href=\"http:\/\/www.reserveroyale.com\/it\/il-momento\/\">IL MOMENTO<\/a><\/strong>\u00a0\u2022 <strong><a href=\"http:\/\/www.reserveroyale.com\/it\/the-diary\/\">THE DIARY<\/a><\/strong>\u00a0\u2022 <strong><a href=\"http:\/\/buy.reserveroyale.com\">BUY<\/a><\/strong>\u00a0\u2022 <strong><a title=\"Where to find\" href=\"\/?page_id=9575\">WHERE TO FIND<\/a><\/strong><\/p>\n<p style=\"text-align: center;\"><strong><a href=\"\/?page_id=9153\">TERMS &amp; CONDITIONS<\/a><\/strong>\u00a0\u2022 <strong><a title=\"Press corner\" href=\"mailto:fd@corniche-international.com\">PRESS CORNER<\/a><\/strong>\u00a0\u2022 <strong><a href=\"\/?page_id=9159\">CONTACT<\/a><\/strong><\/p>\n<p>[\/et_pb_text][et_pb_image src=&#8221;http:\/\/www.reserveroyale.com\/wp-content\/uploads\/2018\/03\/reserve_royale_blason.png&#8221; align=&#8221;center&#8221; _builder_version=&#8221;3.0.105&#8243; max_width=&#8221;15%&#8221;][\/et_pb_image][\/et_pb_column][\/et_pb_row][\/et_pb_section]<\/p>\n","protected":false},"excerpt":{"rendered":"<p>[et_pb_section fb_built=&#8221;1&#8243; _builder_version=&#8221;3.0.105&#8243; background_image=&#8221;http:\/\/www.reserveroyale.com\/wp-content\/uploads\/2018\/03\/reserve_royale_belgium.jpg&#8221; custom_margin=&#8221;|||&#8221; custom_padding=&#8221;12%|0px|15%|0px&#8221;][et_pb_row _builder_version=&#8221;3.0.105&#8243;][et_pb_column type=&#8221;4_4&#8243; _builder_version=&#8221;3.0.47&#8243; parallax=&#8221;off&#8221; parallax_method=&#8221;on&#8221;][et_pb_text _builder_version=&#8221;3.0.105&#8243; text_font=&#8221;Playfair Display||||||||&#8221; text_font_size=&#8221;20px&#8221; background_color=&#8221;#ffffff&#8221; custom_margin=&#8221;|||&#8221; custom_padding=&#8221;10%||10%|&#8221;] Lo spirito ______ &#8220;Un&#8217;umile ricerca d&#8217;eccellenza&#8221; [\/et_pb_text][\/et_pb_column][\/et_pb_row][\/et_pb_section][et_pb_section fb_built=&#8221;1&#8243; _builder_version=&#8221;3.0.105&#8243; custom_padding=&#8221;0px|0px|0px|0px&#8221;][et_pb_row make_fullwidth=&#8221;on&#8221; use_custom_gutter=&#8221;on&#8221; gutter_width=&#8221;1&#8243; custom_padding=&#8221;0px|0px|0px|0px&#8221; make_equal=&#8221;on&#8221; bg_img_2=&#8221;http:\/\/www.reserveroyale.com\/wp-content\/uploads\/2018\/03\/reserve_royale_the_passionpsd.jpg&#8221; padding_top_1=&#8221;7%&#8221; padding_right_1=&#8221;4%&#8221; padding_bottom_1=&#8221;7%&#8221; padding_left_1=&#8221;4%&#8221; parallax_method_2=&#8221;off&#8221; background_size_2=&#8221;cover&#8221; background_position_2=&#8221;center&#8221; background_blend_2=&#8221;normal&#8221; padding_1_last_edited=&#8221;on|desktop&#8221; _builder_version=&#8221;3.0.105&#8243;][et_pb_column type=&#8221;1_2&#8243; _builder_version=&#8221;3.0.47&#8243; padding_last_edited=&#8221;on|desktop&#8221; padding_bottom=&#8221;7%&#8221; padding_left=&#8221;4%&#8221; padding_right=&#8221;4%&#8221; padding_top=&#8221;7%&#8221; parallax=&#8221;off&#8221; parallax_method=&#8221;on&#8221;][et_pb_text _builder_version=&#8221;3.0.105&#8243; text_font=&#8221;||||||||&#8221; [&hellip;]<\/p>\n","protected":false},"author":1,"featured_media":0,"parent":0,"menu_order":0,"comment_status":"closed","ping_status":"closed","template":"","meta":{"_et_pb_use_builder":"on","_et_pb_old_content":"","_et_gb_content_width":"","footnotes":""},"class_list":["post-9782","page","type-page","status-publish","hentry"],"_links":{"self":[{"href":"https:\/\/www.reserveroyale.com\/it\/wp-json\/wp\/v2\/pages\/9782\/"}],"collection":[{"href":"https:\/\/www.reserveroyale.com\/it\/wp-json\/wp\/v2\/pages\/"}],"about":[{"href":"https:\/\/www.reserveroyale.com\/it\/wp-json\/wp\/v2\/types\/page\/"}],"author":[{"embeddable":true,"href":"https:\/\/www.reserveroyale.com\/it\/wp-json\/wp\/v2\/users\/1\/"}],"replies":[{"embeddable":true,"href":"https:\/\/www.reserveroyale.com\/it\/wp-json\/wp\/v2\/comments\/?post=9782"}],"version-history":[{"count":5,"href":"https:\/\/www.reserveroyale.com\/it\/wp-json\/wp\/v2\/pages\/9782\/revisions\/"}],"predecessor-version":[{"id":9898,"href":"https:\/\/www.reserveroyale.com\/it\/wp-json\/wp\/v2\/pages\/9782\/revisions\/9898\/"}],"wp:attachment":[{"href":"https:\/\/www.reserveroyale.com\/it\/wp-json\/wp\/v2\/media\/?parent=9782"}],"curies":[{"name":"wp","href":"https:\/\/api.w.org\/{rel}","templated":true}]}}