{"id":9790,"date":"2018-10-24T13:07:53","date_gmt":"2018-10-24T11:07:53","guid":{"rendered":"http:\/\/www.reserveroyale.com\/il-momento\/"},"modified":"2018-10-24T14:49:47","modified_gmt":"2018-10-24T12:49:47","slug":"il-momento","status":"publish","type":"page","link":"https:\/\/www.reserveroyale.com\/it\/il-momento\/","title":{"rendered":"Il momento"},"content":{"rendered":"<p>[et_pb_section fb_built=&#8221;1&#8243; _builder_version=&#8221;3.0.105&#8243; background_image=&#8221;http:\/\/www.reserveroyale.com\/wp-content\/uploads\/2018\/03\/table_reserve_royale.jpg&#8221; custom_margin=&#8221;|||&#8221; custom_padding=&#8221;12%|0px|15%|0px&#8221;][et_pb_row _builder_version=&#8221;3.0.105&#8243;][et_pb_column type=&#8221;4_4&#8243; _builder_version=&#8221;3.0.47&#8243; parallax=&#8221;off&#8221; parallax_method=&#8221;on&#8221;][et_pb_text _builder_version=&#8221;3.0.105&#8243; text_font=&#8221;Playfair Display||||||||&#8221; text_font_size=&#8221;20px&#8221; background_color=&#8221;#ffffff&#8221; custom_margin=&#8221;|||&#8221; custom_padding=&#8221;10%||10%|&#8221;]<\/p>\n<h1 class=\"vc_custom_heading\" style=\"text-align: center;\">Il momento<\/h1>\n<p style=\"text-align: center;\">______<\/p>\n<p class=\"vc_custom_heading\" style=\"text-align: center;\"><em>&#8220;&#8221;Un cerimoniale speciale per una birra unica&#8221;&#8221;<\/em><\/p>\n<p>[\/et_pb_text][\/et_pb_column][\/et_pb_row][\/et_pb_section][et_pb_section fb_built=&#8221;1&#8243; _builder_version=&#8221;3.0.105&#8243; custom_padding=&#8221;0px|0px|0px|0px&#8221;][et_pb_row make_fullwidth=&#8221;on&#8221; use_custom_gutter=&#8221;on&#8221; gutter_width=&#8221;1&#8243; custom_padding=&#8221;0px|0px|0px|0px&#8221; make_equal=&#8221;on&#8221; bg_img_2=&#8221;http:\/\/www.reserveroyale.com\/wp-content\/uploads\/2018\/03\/reserve_royale_thestorage_bis.jpg&#8221; padding_top_1=&#8221;12%&#8221; padding_right_1=&#8221;4%&#8221; padding_bottom_1=&#8221;12%&#8221; padding_left_1=&#8221;4%&#8221; parallax_method_2=&#8221;off&#8221; background_size_2=&#8221;cover&#8221; background_position_2=&#8221;center&#8221; background_blend_2=&#8221;normal&#8221; padding_1_last_edited=&#8221;on|desktop&#8221; _builder_version=&#8221;3.0.105&#8243;][et_pb_column type=&#8221;1_2&#8243; _builder_version=&#8221;3.0.47&#8243; padding_last_edited=&#8221;on|desktop&#8221; padding_bottom=&#8221;12%&#8221; padding_left=&#8221;4%&#8221; padding_right=&#8221;4%&#8221; padding_top=&#8221;12%&#8221; parallax=&#8221;off&#8221; parallax_method=&#8221;on&#8221;][et_pb_text _builder_version=&#8221;3.0.105&#8243; text_font=&#8221;||||||||&#8221; text_line_height=&#8221;2em&#8221; header_font=&#8221;||||||||&#8221; header_2_font=&#8221;||||||||&#8221; header_2_line_height=&#8221;3em&#8221; max_width=&#8221;65%&#8221; max_width_last_edited=&#8221;on|phone&#8221; module_alignment=&#8221;center&#8221; custom_margin=&#8221;|||&#8221; custom_padding=&#8221;|||&#8221;]<\/p>\n<h2 class=\"vc_custom_heading\" style=\"text-align: center;\">La conservazione<\/h2>\n<div class=\"wpb_text_column wpb_content_element \">\n<div class=\"wpb_wrapper\">\n<div style=\"text-align: justify;\">La bottiglia deve essere conservata in una cantina o in un luogo fresco e asciutto, al massimo a 15\u00b0 C. La bottiglia \u00e8 stata intenzionalmente resa trasparente per far risaltare il bel colore dorato di La R\u00e9serve Royale. \u00c8 necessario quindi conservare la bottiglia lontano da qualsiasi fonte di luce diretta, naturale o artificiale.<\/div>\n<div style=\"text-align: justify;\"><\/div>\n<div style=\"text-align: justify;\">Puoi goderti La R\u00e9serve Royale adesso o conservarla nella tua cantina. Puoi riporre la bottiglia in maniera orizzontale o conservarla in posizione verticale. La data di scadenza \u00e8 indicata sulla bottiglia e garantisce il suo profilo aromatico. L&#8217;anno di produzione \u00e8 indicato sul tappo.<\/div>\n<div style=\"text-align: justify;\"><\/div>\n<div style=\"text-align: justify;\">Poich\u00e9 La R\u00e9serve Royale \u00e8 un prodotto vivente, il suo profilo aromatico si trasformer\u00e0 di mese in mese.<\/div>\n<p style=\"text-align: center;\">\n<\/div>\n<\/div>\n<p>[\/et_pb_text][\/et_pb_column][et_pb_column type=&#8221;1_2&#8243; _builder_version=&#8221;3.0.47&#8243; bg_img=&#8221;http:\/\/www.reserveroyale.com\/wp-content\/uploads\/2018\/03\/reserve_royale_thestorage_bis.jpg&#8221; parallax=&#8221;off&#8221; parallax_method=&#8221;off&#8221; background_size=&#8221;cover&#8221; background_position=&#8221;center&#8221; background_blend=&#8221;normal&#8221;][\/et_pb_column][\/et_pb_row][et_pb_row make_fullwidth=&#8221;on&#8221; use_custom_gutter=&#8221;on&#8221; gutter_width=&#8221;1&#8243; custom_padding=&#8221;0px|0px|0px|0px&#8221; make_equal=&#8221;on&#8221; bg_img_1=&#8221;http:\/\/www.reserveroyale.com\/wp-content\/uploads\/2018\/03\/reserve_royale_thepassionRR.jpg&#8221; padding_top_2=&#8221;12%&#8221; padding_right_2=&#8221;4%&#8221; padding_bottom_2=&#8221;12%&#8221; padding_left_2=&#8221;4%&#8221; _builder_version=&#8221;3.0.105&#8243; module_alignment=&#8221;center&#8221;][et_pb_column type=&#8221;1_2&#8243; _builder_version=&#8221;3.0.47&#8243; bg_img=&#8221;http:\/\/www.reserveroyale.com\/wp-content\/uploads\/2018\/03\/reserve_royale_thepassionRR.jpg&#8221; parallax=&#8221;off&#8221; parallax_method=&#8221;on&#8221;][\/et_pb_column][et_pb_column type=&#8221;1_2&#8243; _builder_version=&#8221;3.0.47&#8243; padding_bottom=&#8221;12%&#8221; padding_left=&#8221;4%&#8221; padding_right=&#8221;4%&#8221; padding_top=&#8221;12%&#8221; parallax=&#8221;off&#8221; parallax_method=&#8221;on&#8221;][et_pb_text _builder_version=&#8221;3.0.105&#8243; text_font=&#8221;||||||||&#8221; text_line_height=&#8221;2em&#8221; header_font=&#8221;||||||||&#8221; header_2_font=&#8221;||||||||&#8221; header_2_line_height=&#8221;3em&#8221; max_width=&#8221;65%&#8221; max_width_last_edited=&#8221;on|desktop&#8221; module_alignment=&#8221;center&#8221; custom_margin=&#8221;|||&#8221; custom_padding=&#8221;|||&#8221;]<\/p>\n<h2 class=\"vc_custom_heading\" style=\"text-align: center;\">La temperatura<\/h2>\n<div class=\"wpb_text_column wpb_content_element \">\n<div class=\"wpb_wrapper\">\n<p style=\"text-align: justify;\">Il profilo aromatico completo di La R\u00e9serve Royale si rivela quando \u00e8 servita alla perfetta temperatura compresa tra 7\u00b0 C e 9\u00b0 C. Servirla troppo a fredda potrebbe camuffare la ricchezza dei suoi sapori. Ci sono 2 modi per raffreddare la bottiglia: il primo \u00e8 quello di mettere la bottiglia in un secchiello del ghiaccio con ghiaccio e acqua per 30 minuti, il secondo \u00e8 quella di mettere la bottiglia in frigorifero per 4 ore.<\/p>\n<p style=\"text-align: justify;\">Evitare il congelatore, questo potrebbe raffreddare la bottiglia troppo velocemente e senza alcun controllo sulla temperatura, oltre al rischio di danneggiare la bottiglia.<\/p>\n<p style=\"text-align: center;\">\n<\/div>\n<\/div>\n<p>[\/et_pb_text][\/et_pb_column][\/et_pb_row][\/et_pb_section][et_pb_section fb_built=&#8221;1&#8243; _builder_version=&#8221;3.0.105&#8243; custom_padding=&#8221;0px|0px|0px|0px&#8221;][et_pb_row make_fullwidth=&#8221;on&#8221; use_custom_gutter=&#8221;on&#8221; gutter_width=&#8221;1&#8243; custom_padding=&#8221;0px|0px|0px|0px&#8221; make_equal=&#8221;on&#8221; bg_img_2=&#8221;http:\/\/www.reserveroyale.com\/wp-content\/uploads\/2018\/03\/reserve_royale_the_glass.jpg&#8221; padding_top_1=&#8221;15%&#8221; padding_right_1=&#8221;4%&#8221; padding_bottom_1=&#8221;15%&#8221; padding_left_1=&#8221;4%&#8221; parallax_method_2=&#8221;off&#8221; background_size_2=&#8221;cover&#8221; background_position_2=&#8221;center&#8221; background_blend_2=&#8221;normal&#8221; padding_1_last_edited=&#8221;on|desktop&#8221; _builder_version=&#8221;3.0.105&#8243;][et_pb_column type=&#8221;1_2&#8243; _builder_version=&#8221;3.0.47&#8243; padding_last_edited=&#8221;on|desktop&#8221; padding_bottom=&#8221;15%&#8221; padding_left=&#8221;4%&#8221; padding_right=&#8221;4%&#8221; padding_top=&#8221;15%&#8221; parallax=&#8221;off&#8221; parallax_method=&#8221;on&#8221;][et_pb_text _builder_version=&#8221;3.0.105&#8243; text_font=&#8221;||||||||&#8221; text_line_height=&#8221;2em&#8221; header_font=&#8221;||||||||&#8221; header_2_font=&#8221;||||||||&#8221; header_2_line_height=&#8221;3em&#8221; max_width=&#8221;65%&#8221; max_width_last_edited=&#8221;on|phone&#8221; module_alignment=&#8221;center&#8221; custom_margin=&#8221;|||&#8221; custom_padding=&#8221;|||&#8221;]<\/p>\n<h2 class=\"vc_custom_heading\" style=\"text-align: center;\">Il vetro<\/h2>\n<div class=\"wpb_text_column wpb_content_element \">\n<div class=\"wpb_wrapper\">\n<div style=\"text-align: justify;\">\n<div>La R\u00e9serve Royale dovrebbe essere servita in un bicchiere speciale per concentrare al meglio tutti i sapori e gli aromi.<\/div>\n<div><\/div>\n<div>Il bicchiere da birra comune \u00e8 ampio e poco profondo il ch\u00e9 influenzer\u00e0 i sapori e i profumi di La R\u00e9serve Royale esponendo troppo la birra all&#8217;aria. Suggeriamo il nostro bicchiere dedicato alla R\u00e9serve Royale, ma se non siete in possesso di uno di questi, utilizzate pure un bicchiere da vino bianco standard per gustarvi al meglio la birra. Assicuratevi che il vetro sia pulito e a temperatura ambiente, altrimenti questo potrebbe compromettere l\u2019effervescenza della birra.<\/div>\n<\/div>\n<p style=\"text-align: center;\">\n<\/div>\n<\/div>\n<p>[\/et_pb_text][\/et_pb_column][et_pb_column type=&#8221;1_2&#8243; _builder_version=&#8221;3.0.47&#8243; bg_img=&#8221;http:\/\/www.reserveroyale.com\/wp-content\/uploads\/2018\/03\/reserve_royale_the_glass.jpg&#8221; parallax=&#8221;off&#8221; parallax_method=&#8221;off&#8221; background_size=&#8221;cover&#8221; background_position=&#8221;center&#8221; background_blend=&#8221;normal&#8221;][\/et_pb_column][\/et_pb_row][et_pb_row make_fullwidth=&#8221;on&#8221; use_custom_gutter=&#8221;on&#8221; gutter_width=&#8221;1&#8243; custom_padding=&#8221;0px|0px|0px|0px&#8221; make_equal=&#8221;on&#8221; bg_img_1=&#8221;http:\/\/www.reserveroyale.com\/wp-content\/uploads\/2018\/03\/reserve_royale_theserving.jpg&#8221; padding_top_2=&#8221;12%&#8221; padding_right_2=&#8221;4%&#8221; padding_bottom_2=&#8221;12%&#8221; padding_left_2=&#8221;4%&#8221; _builder_version=&#8221;3.0.105&#8243; module_alignment=&#8221;center&#8221;][et_pb_column type=&#8221;1_2&#8243; _builder_version=&#8221;3.0.47&#8243; bg_img=&#8221;http:\/\/www.reserveroyale.com\/wp-content\/uploads\/2018\/03\/reserve_royale_theserving.jpg&#8221; parallax=&#8221;off&#8221; parallax_method=&#8221;on&#8221;][\/et_pb_column][et_pb_column type=&#8221;1_2&#8243; _builder_version=&#8221;3.0.47&#8243; padding_bottom=&#8221;12%&#8221; padding_left=&#8221;4%&#8221; padding_right=&#8221;4%&#8221; padding_top=&#8221;12%&#8221; parallax=&#8221;off&#8221; parallax_method=&#8221;on&#8221;][et_pb_text _builder_version=&#8221;3.0.105&#8243; text_font=&#8221;||||||||&#8221; text_line_height=&#8221;2em&#8221; header_font=&#8221;||||||||&#8221; header_2_font=&#8221;||||||||&#8221; header_2_line_height=&#8221;3em&#8221; max_width=&#8221;65%&#8221; max_width_last_edited=&#8221;on|desktop&#8221; module_alignment=&#8221;center&#8221; custom_margin=&#8221;|||&#8221; custom_padding=&#8221;|||&#8221;]<\/p>\n<h2 class=\"vc_custom_heading\" style=\"text-align: center;\">Il servizio<\/h2>\n<div class=\"wpb_text_column wpb_content_element \">\n<div class=\"wpb_wrapper\">\n<p>In spiaggia sotto l\u2019ombrellone o seduto ad un tavolo a lume di candela, la R\u00e9serve Royale si apprezza al meglio in buona compagnia. Quando hai tutto a disposizione, avrai due scelte. La prima \u00e8 quella di sciabolare la bottiglia, proprio come una tradizionale bottiglia di champagne. Questo rituale \u00e8 molto scenico e divertente per gli ospiti, ma non cos\u00ec conveniente, quindi lo consigliamo solo in occasioni particolari \/ in casi eccezionali. La seconda \u00e8 pi\u00f9 consueta, consiste semplicemente nello stappare la bottiglia lentamente e attentamente tenendo il tappo con una mano e la base della bottiglia con l\u2019altra. Far ruotare la bottiglia, non il tappo. Il tappo si rimuover\u00e0 con un leggero sibilo, non un forte &#8220;pop&#8221;. Versare lentamente la birra nel bicchiere, inclinata a 45\u00b0, e tornare delicatamente in posizione verticale per ottenere una testa leggera. Brindare e sorseggiare!<\/p>\n<p>Ci\u00f2 che si deposita sul fondo della bottiglia \u00e8 il lievito. Pu\u00f2 essere gustato separatamente alla fine o semplicemente si pu\u00f2 capovolgere la bottiglia per mescolarlo con il resto della birra.<\/p>\n<p style=\"text-align: center;\">\n<\/div>\n<\/div>\n<p>[\/et_pb_text][\/et_pb_column][\/et_pb_row][\/et_pb_section][et_pb_section fb_built=&#8221;1&#8243; _builder_version=&#8221;3.0.105&#8243; custom_padding=&#8221;70px|0px|54px|0px&#8221; global_module=&#8221;9025&#8243; saved_tabs=&#8221;all&#8221;][et_pb_row use_custom_width=&#8221;on&#8221; width_unit=&#8221;off&#8221; custom_width_percent=&#8221;100%&#8221; custom_padding=&#8221;0px|0px|0px|0px&#8221; _builder_version=&#8221;3.0.105&#8243; module_alignment=&#8221;center&#8221;][et_pb_column type=&#8221;4_4&#8243; _builder_version=&#8221;3.0.47&#8243; parallax=&#8221;off&#8221; parallax_method=&#8221;on&#8221;][et_pb_text _builder_version=&#8221;3.0.105&#8243;]<\/p>\n<h2 style=\"text-align: center;\">Latest from our instagram<\/h2>\n<p style=\"text-align: center;\">@reserveroyale<\/p>\n<p>[\/et_pb_text][et_pb_text _builder_version=&#8221;3.0.105&#8243;]<\/p>\n\n<div id=\"sb_instagram\"  class=\"sbi sbi_mob_col_1 sbi_tab_col_2 sbi_col_4\" style=\"padding-bottom: 20px; width: 100%;\"\t data-feedid=\"sbi_17841402298472170#4\"  data-res=\"auto\" data-cols=\"4\" data-colsmobile=\"1\" data-colstablet=\"2\" data-num=\"4\" data-nummobile=\"\" data-item-padding=\"10\"\t data-shortcode-atts=\"{&quot;num&quot;:&quot;4&quot;,&quot;cols&quot;:&quot;4&quot;}\"  data-postid=\"9790\" data-locatornonce=\"75f95baa16\" data-imageaspectratio=\"1:1\" data-sbi-flags=\"favorLocal\">\n\t\n\t<div id=\"sbi_images\"  style=\"gap: 20px;\">\n\t\t\t<\/div>\n\n\t<div id=\"sbi_load\" >\n\n\t\n\t\t\t<span class=\"sbi_follow_btn\" >\n\t\t\t<a target=\"_blank\"\n\t\t\t\trel=\"nofollow noopener\"  href=\"https:\/\/www.instagram.com\/17841402298472170\/\">\n\t\t\t\t<svg class=\"svg-inline--fa fa-instagram fa-w-14\" aria-hidden=\"true\" data-fa-processed=\"\" aria-label=\"Instagram\" data-prefix=\"fab\" data-icon=\"instagram\" role=\"img\" viewBox=\"0 0 448 512\">\n                    <path fill=\"currentColor\" d=\"M224.1 141c-63.6 0-114.9 51.3-114.9 114.9s51.3 114.9 114.9 114.9S339 319.5 339 255.9 287.7 141 224.1 141zm0 189.6c-41.1 0-74.7-33.5-74.7-74.7s33.5-74.7 74.7-74.7 74.7 33.5 74.7 74.7-33.6 74.7-74.7 74.7zm146.4-194.3c0 14.9-12 26.8-26.8 26.8-14.9 0-26.8-12-26.8-26.8s12-26.8 26.8-26.8 26.8 12 26.8 26.8zm76.1 27.2c-1.7-35.9-9.9-67.7-36.2-93.9-26.2-26.2-58-34.4-93.9-36.2-37-2.1-147.9-2.1-184.9 0-35.8 1.7-67.6 9.9-93.9 36.1s-34.4 58-36.2 93.9c-2.1 37-2.1 147.9 0 184.9 1.7 35.9 9.9 67.7 36.2 93.9s58 34.4 93.9 36.2c37 2.1 147.9 2.1 184.9 0 35.9-1.7 67.7-9.9 93.9-36.2 26.2-26.2 34.4-58 36.2-93.9 2.1-37 2.1-147.8 0-184.8zM398.8 388c-7.8 19.6-22.9 34.7-42.6 42.6-29.5 11.7-99.5 9-132.1 9s-102.7 2.6-132.1-9c-19.6-7.8-34.7-22.9-42.6-42.6-11.7-29.5-9-99.5-9-132.1s-2.6-102.7 9-132.1c7.8-19.6 22.9-34.7 42.6-42.6 29.5-11.7 99.5-9 132.1-9s102.7-2.6 132.1 9c19.6 7.8 34.7 22.9 42.6 42.6 11.7 29.5 9 99.5 9 132.1s2.7 102.7-9 132.1z\"><\/path>\n                <\/svg>\t\t\t\t<span>Segui su Instagram<\/span>\n\t\t\t<\/a>\n\t\t<\/span>\n\t\n<\/div>\n\t\t<span class=\"sbi_resized_image_data\" data-feed-id=\"sbi_17841402298472170#4\"\n\t\t  data-resized=\"[]\">\n\t<\/span>\n\t<\/div>\n\n\n<p>[\/et_pb_text][\/et_pb_column][\/et_pb_row][\/et_pb_section][et_pb_section fb_built=&#8221;1&#8243; background_color=&#8221;#efefef&#8221; _builder_version=&#8221;3.0.105&#8243; custom_padding=&#8221;0px|0px|0px|0px&#8221; global_module=&#8221;9180&#8243;][et_pb_row make_fullwidth=&#8221;on&#8221; custom_padding=&#8221;3%|0px|2%|0px&#8221; make_equal=&#8221;on&#8221; _builder_version=&#8221;3.0.105&#8243;][et_pb_column type=&#8221;4_4&#8243; _builder_version=&#8221;3.0.47&#8243; parallax=&#8221;off&#8221; parallax_method=&#8221;on&#8221;][et_pb_text _builder_version=&#8221;3.0.105&#8243; text_font=&#8221;|300||on|||||&#8221; text_font_size=&#8221;12px&#8221; text_text_color=&#8221;#000000&#8243; text_letter_spacing=&#8221;2px&#8221; text_line_height=&#8221;2.4em&#8221; header_font=&#8221;||||||||&#8221;]<\/p>\n<p style=\"text-align: center;\"><strong><a href=\"http:\/\/www.reserveroyale.com\/it\/lo-spirito\/\">LO SPIRITO<\/a><\/strong>\u00a0\u2022 <strong><a href=\"http:\/\/www.reserveroyale.com\/it\/il-patrimonio\/\">IL PATRIMONIO<\/a><\/strong>\u00a0\u2022 <strong><a href=\"http:\/\/www.reserveroyale.com\/it\/the-savoir-faire\/\">THE SAVOIR-FAIRE<\/a><\/strong>\u00a0\u2022 <strong><a href=\"http:\/\/www.reserveroyale.com\/it\/lopera\/\">L&#8217;OPERA<\/a><\/strong>\u00a0\u2022 <strong><a href=\"http:\/\/www.reserveroyale.com\/it\/il-momento\/\">IL MOMENTO<\/a><\/strong>\u00a0\u2022 <strong><a href=\"http:\/\/www.reserveroyale.com\/it\/the-diary\/\">THE DIARY<\/a><\/strong>\u00a0\u2022 <strong><a href=\"http:\/\/buy.reserveroyale.com\">BUY<\/a><\/strong>\u00a0\u2022 <strong><a title=\"Where to find\" href=\"\/?page_id=9575\">WHERE TO FIND<\/a><\/strong><\/p>\n<p style=\"text-align: center;\"><strong><a href=\"\/?page_id=9153\">TERMS &amp; CONDITIONS<\/a><\/strong>\u00a0\u2022 <strong><a title=\"Press corner\" href=\"mailto:fd@corniche-international.com\">PRESS CORNER<\/a><\/strong>\u00a0\u2022 <strong><a href=\"\/?page_id=9159\">CONTACT<\/a><\/strong><\/p>\n<p>[\/et_pb_text][et_pb_image src=&#8221;http:\/\/www.reserveroyale.com\/wp-content\/uploads\/2018\/03\/reserve_royale_blason.png&#8221; align=&#8221;center&#8221; _builder_version=&#8221;3.0.105&#8243; max_width=&#8221;15%&#8221;][\/et_pb_image][\/et_pb_column][\/et_pb_row][\/et_pb_section]<\/p>\n","protected":false},"excerpt":{"rendered":"<p>[et_pb_section fb_built=&#8221;1&#8243; _builder_version=&#8221;3.0.105&#8243; background_image=&#8221;http:\/\/www.reserveroyale.com\/wp-content\/uploads\/2018\/03\/table_reserve_royale.jpg&#8221; custom_margin=&#8221;|||&#8221; custom_padding=&#8221;12%|0px|15%|0px&#8221;][et_pb_row _builder_version=&#8221;3.0.105&#8243;][et_pb_column type=&#8221;4_4&#8243; _builder_version=&#8221;3.0.47&#8243; parallax=&#8221;off&#8221; parallax_method=&#8221;on&#8221;][et_pb_text _builder_version=&#8221;3.0.105&#8243; text_font=&#8221;Playfair Display||||||||&#8221; text_font_size=&#8221;20px&#8221; background_color=&#8221;#ffffff&#8221; custom_margin=&#8221;|||&#8221; custom_padding=&#8221;10%||10%|&#8221;] Il momento ______ &#8220;&#8221;Un cerimoniale speciale per una birra unica&#8221;&#8221; [\/et_pb_text][\/et_pb_column][\/et_pb_row][\/et_pb_section][et_pb_section fb_built=&#8221;1&#8243; _builder_version=&#8221;3.0.105&#8243; custom_padding=&#8221;0px|0px|0px|0px&#8221;][et_pb_row make_fullwidth=&#8221;on&#8221; use_custom_gutter=&#8221;on&#8221; gutter_width=&#8221;1&#8243; custom_padding=&#8221;0px|0px|0px|0px&#8221; make_equal=&#8221;on&#8221; bg_img_2=&#8221;http:\/\/www.reserveroyale.com\/wp-content\/uploads\/2018\/03\/reserve_royale_thestorage_bis.jpg&#8221; padding_top_1=&#8221;12%&#8221; padding_right_1=&#8221;4%&#8221; padding_bottom_1=&#8221;12%&#8221; padding_left_1=&#8221;4%&#8221; parallax_method_2=&#8221;off&#8221; background_size_2=&#8221;cover&#8221; background_position_2=&#8221;center&#8221; background_blend_2=&#8221;normal&#8221; padding_1_last_edited=&#8221;on|desktop&#8221; _builder_version=&#8221;3.0.105&#8243;][et_pb_column type=&#8221;1_2&#8243; _builder_version=&#8221;3.0.47&#8243; padding_last_edited=&#8221;on|desktop&#8221; padding_bottom=&#8221;12%&#8221; padding_left=&#8221;4%&#8221; padding_right=&#8221;4%&#8221; padding_top=&#8221;12%&#8221; [&hellip;]<\/p>\n","protected":false},"author":1,"featured_media":0,"parent":0,"menu_order":0,"comment_status":"closed","ping_status":"closed","template":"","meta":{"_et_pb_use_builder":"on","_et_pb_old_content":"","_et_gb_content_width":"","footnotes":""},"class_list":["post-9790","page","type-page","status-publish","hentry"],"_links":{"self":[{"href":"https:\/\/www.reserveroyale.com\/it\/wp-json\/wp\/v2\/pages\/9790\/"}],"collection":[{"href":"https:\/\/www.reserveroyale.com\/it\/wp-json\/wp\/v2\/pages\/"}],"about":[{"href":"https:\/\/www.reserveroyale.com\/it\/wp-json\/wp\/v2\/types\/page\/"}],"author":[{"embeddable":true,"href":"https:\/\/www.reserveroyale.com\/it\/wp-json\/wp\/v2\/users\/1\/"}],"replies":[{"embeddable":true,"href":"https:\/\/www.reserveroyale.com\/it\/wp-json\/wp\/v2\/comments\/?post=9790"}],"version-history":[{"count":5,"href":"https:\/\/www.reserveroyale.com\/it\/wp-json\/wp\/v2\/pages\/9790\/revisions\/"}],"predecessor-version":[{"id":9906,"href":"https:\/\/www.reserveroyale.com\/it\/wp-json\/wp\/v2\/pages\/9790\/revisions\/9906\/"}],"wp:attachment":[{"href":"https:\/\/www.reserveroyale.com\/it\/wp-json\/wp\/v2\/media\/?parent=9790"}],"curies":[{"name":"wp","href":"https:\/\/api.w.org\/{rel}","templated":true}]}}