{"id":9645,"date":"2018-05-02T09:31:12","date_gmt":"2018-05-02T07:31:12","guid":{"rendered":"http:\/\/www.reserveroyale.com\/homepage\/"},"modified":"2022-03-31T17:20:41","modified_gmt":"2022-03-31T15:20:41","slug":"homepage","status":"publish","type":"page","link":"https:\/\/www.reserveroyale.com\/ja\/","title":{"rendered":"Homepage"},"content":{"rendered":"<p>[et_pb_section fb_built=&#8221;1&#8243; _builder_version=&#8221;3.22&#8243; custom_padding=&#8221;0px|0px|0px|0px&#8221;][et_pb_row use_custom_gutter=&#8221;on&#8221; gutter_width=&#8221;1&#8243; make_equal=&#8221;on&#8221; module_class=&#8221; et_pb_row_fullwidth&#8221; _builder_version=&#8221;3.25&#8243; width=&#8221;100%&#8221; width_tablet=&#8221;100%&#8221; width_phone=&#8221;&#8221; width_last_edited=&#8221;on|desktop&#8221; max_width=&#8221;100%&#8221; max_width_tablet=&#8221;100%&#8221; max_width_phone=&#8221;&#8221; max_width_last_edited=&#8221;on|desktop&#8221; module_alignment=&#8221;center&#8221; custom_margin=&#8221;|||&#8221; custom_padding=&#8221;0px|0px|0px|0px&#8221; make_fullwidth=&#8221;on&#8221;][et_pb_column type=&#8221;4_4&#8243; _builder_version=&#8221;3.25&#8243; custom_padding=&#8221;|||&#8221; custom_padding__hover=&#8221;|||&#8221;][et_pb_text _builder_version=&#8221;4.8.2&#8243; hover_enabled=&#8221;0&#8243; sticky_enabled=&#8221;0&#8243;]<iframe loading=\"lazy\" src=\"https:\/\/www.youtube.com\/embed\/oL3cbO1XugA?rel=0&amp;controls=0&amp;showinfo=0\" width=\"2000px\" height=\"770px\" frameborder=\"0\" allowfullscreen=\"allowfullscreen\"><\/iframe>[\/et_pb_text][\/et_pb_column][\/et_pb_row][\/et_pb_section][et_pb_section fb_built=&#8221;1&#8243; _builder_version=&#8221;3.22&#8243; background_color=&#8221;#efefef&#8221; custom_padding=&#8221;55px|0px|54px|0px&#8221;][et_pb_row _builder_version=&#8221;3.25&#8243; width=&#8221;50%&#8221; max_width=&#8221;50%&#8221; custom_padding=&#8221;0px|0px|0px|0px&#8221; use_custom_width=&#8221;on&#8221; width_unit=&#8221;off&#8221; custom_width_percent=&#8221;50%&#8221;][et_pb_column type=&#8221;4_4&#8243; _builder_version=&#8221;3.25&#8243; custom_padding=&#8221;|||&#8221; custom_padding__hover=&#8221;|||&#8221;][et_pb_cta title=&#8221;%22\u30ea\u30b6\u30fc\u30d6\u30fb\u30ed\u30ef\u30a4\u30e4\u30eb\u3001\u4f1d\u7d71\u3068\u30e2\u30c0\u30cb\u30ba\u30e0\u306e\u878d\u5408\u304c\u6210\u3059\u300121\u4e16\u7d00\u624b\u4ed5\u8fbc\u307f\u306e\u9ad8\u7d1a\u30d9\u30eb\u30ae\u30fc\u30d3\u30fc\u30eb\u3002%22&#8243; button_text=&#8221;Learn more&#8221; _builder_version=&#8221;3.16&#8243; header_font=&#8221;Playfair Display||||||||&#8221; header_font_size=&#8221;31px&#8221; header_line_height=&#8221;1.4em&#8221; body_font=&#8221;Muli|300|||||||&#8221; body_font_size=&#8221;16px&#8221; use_background_color=&#8221;off&#8221; background_layout=&#8221;light&#8221; button_text_size__hover_enabled=&#8221;off&#8221; button_one_text_size__hover_enabled=&#8221;off&#8221; button_two_text_size__hover_enabled=&#8221;off&#8221; button_text_color__hover_enabled=&#8221;off&#8221; button_one_text_color__hover_enabled=&#8221;off&#8221; button_two_text_color__hover_enabled=&#8221;off&#8221; button_border_width__hover_enabled=&#8221;off&#8221; button_one_border_width__hover_enabled=&#8221;off&#8221; button_two_border_width__hover_enabled=&#8221;off&#8221; button_border_color__hover_enabled=&#8221;off&#8221; button_one_border_color__hover_enabled=&#8221;off&#8221; button_two_border_color__hover_enabled=&#8221;off&#8221; button_border_radius__hover_enabled=&#8221;off&#8221; button_one_border_radius__hover_enabled=&#8221;off&#8221; button_two_border_radius__hover_enabled=&#8221;off&#8221; button_letter_spacing__hover_enabled=&#8221;off&#8221; button_one_letter_spacing__hover_enabled=&#8221;off&#8221; button_two_letter_spacing__hover_enabled=&#8221;off&#8221; button_bg_color__hover_enabled=&#8221;off&#8221; button_one_bg_color__hover_enabled=&#8221;off&#8221; button_two_bg_color__hover_enabled=&#8221;off&#8221;]\u4f1d\u7d71\u7684\u306a\u6280\u8853\u306b\u57fa\u3065\u3044\u305f\u5b8c\u74a7\u306a\u77e5\u8b58\u3092\u5143\u306b\u3001\u30d9\u30eb\u30ae\u30fc\u738b\u56fd\u3067\u624b\u4ed5\u8fbc\u307f\u3055\u308c\u3001\u30d1\u30a4\u30aa\u30cb\u30a2\u30b9\u30d4\u30ea\u30c3\u30c8\u3092\u30d9\u30fc\u30b9\u306b\u3001\u6700\u9ad8\u7d1a\u306e\u73cd\u3057\u3044\u7d20\u6750\u3092\u601d\u3044\u3082\u3088\u3089\u306c\u65b9\u6cd5\u3067\u30d6\u30ec\u30f3\u30c9\u3057\u307e\u3057\u305f\u3002<br \/>\n[\/et_pb_cta][\/et_pb_column][\/et_pb_row][\/et_pb_section][et_pb_section fb_built=&#8221;1&#8243; _builder_version=&#8221;3.22&#8243; custom_padding=&#8221;0px|0px|0px|0px&#8221;][et_pb_row column_structure=&#8221;1_2,1_2&#8243; use_custom_gutter=&#8221;on&#8221; gutter_width=&#8221;1&#8243; make_equal=&#8221;on&#8221; module_class=&#8221; et_pb_row_fullwidth&#8221; _builder_version=&#8221;3.25&#8243; width=&#8221;100%&#8221; width_tablet=&#8221;100%&#8221; width_phone=&#8221;&#8221; width_last_edited=&#8221;on|desktop&#8221; max_width=&#8221;100%&#8221; max_width_tablet=&#8221;100%&#8221; max_width_phone=&#8221;&#8221; max_width_last_edited=&#8221;on|desktop&#8221; module_alignment=&#8221;center&#8221; custom_padding=&#8221;0px|0px|0px|0px&#8221; make_fullwidth=&#8221;on&#8221;][et_pb_column type=&#8221;1_2&#8243; _builder_version=&#8221;3.25&#8243; background_image=&#8221;http:\/\/www.reserveroyale.com\/wp-content\/uploads\/2018\/03\/reserveroyale_pru.jpg&#8221; custom_padding=&#8221;|||&#8221; custom_padding_tablet=&#8221;&#8221; custom_padding_phone=&#8221;50%||50%|&#8221; custom_padding_last_edited=&#8221;on|desktop&#8221; custom_padding__hover=&#8221;|||&#8221;][\/et_pb_column][et_pb_column type=&#8221;1_2&#8243; _builder_version=&#8221;3.25&#8243; custom_padding=&#8221;7%|4%|7%|4%&#8221; custom_padding_tablet=&#8221;&#8221; custom_padding_phone=&#8221;&#8221; custom_padding_last_edited=&#8221;on|desktop&#8221; custom_padding__hover=&#8221;|||&#8221;][et_pb_text _builder_version=&#8221;3.27.4&#8243; text_line_height=&#8221;2em&#8221; header_2_font_size=&#8221;35px&#8221; header_2_line_height=&#8221;3em&#8221; max_width=&#8221;63%&#8221; module_alignment=&#8221;center&#8221; custom_margin=&#8221;|||&#8221; custom_padding=&#8221;|||&#8221;]<\/p>\n<h2 class=\"vc_custom_heading\" style=\"text-align: center;\">The Beer<\/h2>\n<div class=\"wpb_text_column wpb_content_element \">\n<div class=\"wpb_wrapper\">\n<p style=\"text-align: justify;\">\u30e9\u30fb\u30ea\u30b6\u30fc\u30d6\u30fb\u30ed\u30ef\u30a4\u30e4\u30eb\u300c\u30d6\u30ed\u30f3\u30c9\u300d\u306f\u3001\u79c1\u305f\u3061\u306e\u719f\u7df4\u3057\u305f\u6280\u8853\u306e\u30a8\u30c3\u30bb\u30f3\u30b9\u304c\u51dd\u7e2e\u3055\u308c\u3066\u3044\u307e\u3059\u3002<\/p>\n<p style=\"text-align: justify;\">\u7f8e\u3057\u3044\u9ec4\u91d1\u306e\u5c0f\u9ea6\u8272\u306e\u30d3\u30fc\u30eb\u306f\u3001\u30d9\u30eb\u30ae\u30fc\u53e4\u6765\u306e\u7d20\u6674\u3089\u3057\u3044\u85ab\u308a\u306e\u8c4a\u304b\u3055\u3092\u4f75\u305b\u6301\u3063\u305f\u3001\u3068\u3066\u3082\u30af\u30ea\u30fc\u30f3\u3067\u30d0\u30e9\u30f3\u30b9\u306e\u53d6\u308c\u305f\u3001\u8077\u4eba\u6280\u306e\u7c8b\u3092\u96c6\u3081\u305f\u30d6\u30ed\u30f3\u30c9\u30d3\u30fc\u30eb\u3067\u3059\u3002\n<\/p>\n<p>\u4e0a\u9762\u767a\u9175\u3068\u30dc\u30c8\u30eb\u306e\u4e2d\u3067\u306e\u518d\u767a\u9175\u306f\u3001\u30ea\u30c3\u30c1\u3067\u30af\u30ea\u30fc\u30df\u30fc\u306a\u53e3\u5f53\u305f\u308a\u3092\u3082\u305f\u3089\u3057\u3001\u30d5\u30ed\u30fc\u30e9\u30eb\u306a\u30db\u30c3\u30d7\u306e\u529b\u5f37\u3044\u98a8\u5473\u304c\u3001\u30a4\u30fc\u30b9\u30c8\u306e\u7d76\u5999\u306a\u30bf\u30c3\u30c1\u3068\u5b8c\u74a7\u306a\u30d6\u30ec\u30f3\u30c9\u3092\u306a\u3057\u307e\u3059\u3002<br \/>\n\u30ea\u30b6\u30fc\u30d6\u30fb\u30ed\u30ef\u30a4\u30e4\u30eb\u300c\u30d6\u30ed\u30f3\u30c9\u300d\u306f\u3001\u5317\u30d9\u30eb\u30ae\u30fc\u306e\u5148\u99c6\u7684\u306a\u91b8\u9020\u6240\u3067\u3001100%\u30d9\u30eb\u30ae\u30fc\u53ca\u3073\u305d\u306e\u5468\u8fba\u5730\u57df\u3067\u63a1\u308c\u305f\u539f\u6599\u3067\u751f\u7523\u3055\u308c\u307e\u3057\u305f\u3002\u2028\u4e16\u754c\u3067\u3082\u6700\u9ad8\u306e\u30e2\u30eb\u30c4\u3068\u85ab\u308a\u9ad8\u3044\u30db\u30c3\u30d7\u3092\u30d6\u30ec\u30f3\u30c9\u3057\u3001\u54c1\u8cea\u3068\u4f1d\u7d71\u306b\u91cd\u304d\u3092\u7f6e\u3044\u305f\u3001\u5bb6\u65cf\u7d4c\u55b6\u306e\u5c0f\u3055\u306a\u5de5\u623f\u3067\u91b8\u9020\u3055\u308c\u3066\u3044\u307e\u3059\u3002\n<\/p>\n<p>\u4e0b\u9762\u767a\u9175\u3055\u308c\u305f\u5de5\u696d\u7684\u306a\u30d3\u30fc\u30eb\u3068\u306f\u9055\u3044\u3001\u30ea\u30b6\u30fc\u30d6\u30fb\u30ed\u30ef\u30a4\u30e4\u30eb\u306f\u3001\u54c1\u8cea\u306e\u78ba\u304b\u3055\u3092\u8868\u3059\u4f1d\u7d71\u7684\u306a\u6280\u8853\u3067\u3042\u308a\u3001\u9451\u5b9a\u5bb6\u306e\u76ee\u306b\u306f\u660e\u3089\u304b\u306a\u9055\u3044\u3092\u898b\u305b\u308b\u3001\u4e0a\u9762\u767a\u9175\u306b\u3066\u91b8\u9020\u3055\u308c\u3066\u3044\u307e\u3059\u3002\u30dc\u30c8\u30eb\u8a70\u3081\u3055\u308c\u305f\u5f8c\u300125\u2103\u306b\u4fdd\u305f\u308c\u305f\u6e7f\u6f64\u6697\u6240\u3067\u300120\u65e5\u306e\u9593\u3001\u518d\u5ea6\u767a\u9175\u3055\u308c\u307e\u3059\u3002\u305d\u306e\u5f8c\u3001\u51b7\u6240\u3067\u4f11\u307e\u305b\u3066\u3001\u719f\u6210\u306e\u30d7\u30ed\u30bb\u30b9\u3092\u5b8c\u6210\u3055\u305b\u307e\u3059\u3002<\/p>\n<p style=\"text-align: center;\"><img loading=\"lazy\" decoding=\"async\" class=\"aligncenter wp-image-9571 size-full\" src=\"http:\/\/www.reserveroyale.com\/wp-content\/uploads\/2018\/04\/reserve-royale-world-beer-awards-small.jpg\" alt=\"\" width=\"150\" height=\"197\" \/><\/p>\n<p style=\"text-align: center;\">\u30ef\u30fc\u30eb\u30c9\u30fb\u30d3\u30a2\u30fb\u30a2\u30ef\u30fc\u30c92016\u3067\u91d1\u30e1\u30c0\u30eb\u53d7\u8cde<br \/>\n<strong>\u201c\u30d9\u30b9\u30c8\u30d9\u30eb\u30ae\u30fc\u30b9\u30bf\u30a4\u30eb\u30d6\u30ed\u30f3\u30c9\u201d\u00a0<\/strong><\/p>\n<\/div>\n<\/div>\n<p>[\/et_pb_text][\/et_pb_column][\/et_pb_row][\/et_pb_section][et_pb_section fb_built=&#8221;1&#8243; _builder_version=&#8221;3.22&#8243; background_color=&#8221;#efefef&#8221; custom_padding=&#8221;54px|0px|0px|0px&#8221;][et_pb_row _builder_version=&#8221;3.25&#8243;][et_pb_column type=&#8221;4_4&#8243; _builder_version=&#8221;3.25&#8243; custom_padding=&#8221;|||&#8221; custom_padding__hover=&#8221;|||&#8221;][et_pb_blog fullwidth=&#8221;off&#8221; posts_number=&#8221;3&#8243; include_categories=&#8221;1,5,4&#8243; show_author=&#8221;off&#8221; show_categories=&#8221;off&#8221; show_pagination=&#8221;off&#8221; _builder_version=&#8221;3.0.105&#8243;][\/et_pb_blog][\/et_pb_column][\/et_pb_row][\/et_pb_section][et_pb_section fb_built=&#8221;1&#8243; _builder_version=&#8221;3.22&#8243;][et_pb_row _builder_version=&#8221;3.25&#8243; width=&#8221;100%&#8221; max_width=&#8221;100%&#8221; module_alignment=&#8221;center&#8221; custom_padding=&#8221;0px|0px|0px|0px&#8221; use_custom_width=&#8221;on&#8221; width_unit=&#8221;off&#8221; custom_width_percent=&#8221;100%&#8221;][et_pb_column type=&#8221;4_4&#8243; _builder_version=&#8221;3.25&#8243; custom_padding=&#8221;|||&#8221; custom_padding__hover=&#8221;|||&#8221;][et_pb_text _builder_version=&#8221;3.27.4&#8243;]<\/p>\n<h2 style=\"text-align: center;\">Latest from our instagram<\/h2>\n<p style=\"text-align: center;\">@reserveroyale.jp<\/p>\n<p>[\/et_pb_text][et_pb_text _builder_version=&#8221;4.8.2&#8243; hover_enabled=&#8221;0&#8243; sticky_enabled=&#8221;0&#8243;]<\/p>\n<p><span>\n<div id=\"sb_instagram\"  class=\"sbi sbi_mob_col_2 sbi_tab_col_2 sbi_col_5 sbi_width_resp\" style=\"padding-bottom: 10px;\"\t data-feedid=\"*2\"  data-res=\"auto\" data-cols=\"5\" data-colsmobile=\"2\" data-colstablet=\"2\" data-num=\"10\" data-nummobile=\"10\" data-item-padding=\"5\"\t data-shortcode-atts=\"{&quot;feed&quot;:&quot;2&quot;}\"  data-postid=\"9645\" data-locatornonce=\"a876cfc1d8\" data-imageaspectratio=\"1:1\" data-sbi-flags=\"favorLocal\">\n\t\n\t<div id=\"sbi_images\"  style=\"gap: 10px;\">\n\t\t\t<\/div>\n\n\t<div id=\"sbi_load\" >\n\n\t\n\t\t\t<span class=\"sbi_follow_btn sbi_custom\" >\n\t\t\t<a target=\"_blank\"\n\t\t\t\trel=\"nofollow noopener\"  href=\"https:\/\/www.instagram.com\/17841402298472170\/\" style=\"background: rgb(64,139,209);\">\n\t\t\t\t<svg class=\"svg-inline--fa fa-instagram fa-w-14\" aria-hidden=\"true\" data-fa-processed=\"\" aria-label=\"Instagram\" data-prefix=\"fab\" data-icon=\"instagram\" role=\"img\" viewBox=\"0 0 448 512\">\n                    <path fill=\"currentColor\" d=\"M224.1 141c-63.6 0-114.9 51.3-114.9 114.9s51.3 114.9 114.9 114.9S339 319.5 339 255.9 287.7 141 224.1 141zm0 189.6c-41.1 0-74.7-33.5-74.7-74.7s33.5-74.7 74.7-74.7 74.7 33.5 74.7 74.7-33.6 74.7-74.7 74.7zm146.4-194.3c0 14.9-12 26.8-26.8 26.8-14.9 0-26.8-12-26.8-26.8s12-26.8 26.8-26.8 26.8 12 26.8 26.8zm76.1 27.2c-1.7-35.9-9.9-67.7-36.2-93.9-26.2-26.2-58-34.4-93.9-36.2-37-2.1-147.9-2.1-184.9 0-35.8 1.7-67.6 9.9-93.9 36.1s-34.4 58-36.2 93.9c-2.1 37-2.1 147.9 0 184.9 1.7 35.9 9.9 67.7 36.2 93.9s58 34.4 93.9 36.2c37 2.1 147.9 2.1 184.9 0 35.9-1.7 67.7-9.9 93.9-36.2 26.2-26.2 34.4-58 36.2-93.9 2.1-37 2.1-147.8 0-184.8zM398.8 388c-7.8 19.6-22.9 34.7-42.6 42.6-29.5 11.7-99.5 9-132.1 9s-102.7 2.6-132.1-9c-19.6-7.8-34.7-22.9-42.6-42.6-11.7-29.5-9-99.5-9-132.1s-2.6-102.7 9-132.1c7.8-19.6 22.9-34.7 42.6-42.6 29.5-11.7 99.5-9 132.1-9s102.7-2.6 132.1 9c19.6 7.8 34.7 22.9 42.6 42.6 11.7 29.5 9 99.5 9 132.1s2.7 102.7-9 132.1z\"><\/path>\n                <\/svg>\t\t\t\t<span>Instagram \u3067\u30d5\u30a9\u30ed\u30fc<\/span>\n\t\t\t<\/a>\n\t\t<\/span>\n\t\n<\/div>\n\t\t<span class=\"sbi_resized_image_data\" data-feed-id=\"*2\"\n\t\t  data-resized=\"[]\">\n\t<\/span>\n\t<\/div>\n\n<\/span><\/p>\n<p>[\/et_pb_text][\/et_pb_column][\/et_pb_row][et_pb_row _builder_version=&#8221;3.25&#8243;][et_pb_column type=&#8221;4_4&#8243; _builder_version=&#8221;3.25&#8243; custom_padding=&#8221;|||&#8221; custom_padding__hover=&#8221;|||&#8221;][et_pb_image src=&#8221;http:\/\/www.reserveroyale.com\/wp-content\/uploads\/2018\/03\/la_reserve_royale_gravure.jpg&#8221; align_tablet=&#8221;center&#8221; align_phone=&#8221;&#8221; align_last_edited=&#8221;on|desktop&#8221; _builder_version=&#8221;3.23&#8243; max_width=&#8221;60%&#8221; module_alignment=&#8221;center&#8221;][\/et_pb_image][\/et_pb_column][\/et_pb_row][\/et_pb_section][et_pb_section fb_built=&#8221;1&#8243; _builder_version=&#8221;3.22&#8243; background_color=&#8221;#efefef&#8221; custom_padding=&#8221;0px|0px|0px|0px&#8221;][et_pb_row make_equal=&#8221;on&#8221; module_class=&#8221; et_pb_row_fullwidth&#8221; _builder_version=&#8221;3.25&#8243; width=&#8221;89%&#8221; width_tablet=&#8221;80%&#8221; width_phone=&#8221;&#8221; width_last_edited=&#8221;on|desktop&#8221; max_width=&#8221;89%&#8221; max_width_tablet=&#8221;80%&#8221; max_width_phone=&#8221;&#8221; max_width_last_edited=&#8221;on|desktop&#8221; custom_padding=&#8221;3%|0px|2%|0px&#8221; make_fullwidth=&#8221;on&#8221;][et_pb_column type=&#8221;4_4&#8243; _builder_version=&#8221;3.25&#8243; custom_padding=&#8221;|||&#8221; custom_padding__hover=&#8221;|||&#8221;][et_pb_text _builder_version=&#8221;3.27.4&#8243; text_font=&#8221;|700||on|||||&#8221; text_text_color=&#8221;#000000&#8243; text_font_size=&#8221;12px&#8221; text_letter_spacing=&#8221;2px&#8221; text_line_height=&#8221;2.4em&#8221; header_font=&#8221;||||||||&#8221;]<\/p>\n<p style=\"text-align: center;\"><a href=\"http:\/\/www.reserveroyale.com\/ja\/the-spirit\/\"><strong>THE SPIRIT<\/strong><\/a><strong>\u00a0\u2022 <a href=\"http:\/\/www.reserveroyale.com\/ja\/the-heritage\/\">THE HERITAGE<\/a>\u00a0\u2022 <a href=\"http:\/\/www.reserveroyale.com\/ja\/the-savoir-faire\/\">THE SAVOIR-FAIRE<\/a>\u00a0\u2022 <a href=\"http:\/\/www.reserveroyale.com\/ja\/loeuvre\/\">L&#8217;OEUVRE<\/a>\u00a0\u2022 <a href=\"http:\/\/www.reserveroyale.com\/ja\/the-moment\/\">THE MOMENT<\/a><\/strong><\/p>\n<p style=\"text-align: center;\"><a href=\"http:\/\/www.reserveroyale.com\/ja\/terms-and-conditions\/\">TERMS &amp; CONDITIONS<\/a>\u00a0\u2022 <a title=\"Press corner\" href=\"mailto:info@reserveroyale.jp\">PRESS CORNER<\/a>\u00a0\u2022 <a href=\"http:\/\/www.reserveroyale.com\/ja\/contact\/\">CONTACT<\/a><\/p>\n<p>[\/et_pb_text][et_pb_image src=&#8221;http:\/\/www.reserveroyale.com\/wp-content\/uploads\/2018\/03\/reserve_royale_blason.png&#8221; align=&#8221;center&#8221; align_tablet=&#8221;center&#8221; align_phone=&#8221;&#8221; align_last_edited=&#8221;on|desktop&#8221; _builder_version=&#8221;3.23&#8243; max_width=&#8221;15%&#8221;]&nbsp;<br \/>\n[\/et_pb_image][\/et_pb_column][\/et_pb_row][\/et_pb_section]<\/p>\n","protected":false},"excerpt":{"rendered":"<p>[et_pb_section fb_built=&#8221;1&#8243; _builder_version=&#8221;3.22&#8243; custom_padding=&#8221;0px|0px|0px| [&hellip;]<\/p>\n","protected":false},"author":1,"featured_media":0,"parent":0,"menu_order":0,"comment_status":"closed","ping_status":"closed","template":"","meta":{"_et_pb_use_builder":"on","_et_pb_old_content":"<p><a href=\"#\" target=\"_self\"><br \/> <img src=\"http:\/\/www.corniche.international\/wp-content\/uploads\/2017\/04\/home-1.jpg\" alt=\"home-1\" \/><br \/> <\/a><\/p><h3><a href=\"#\" target=\"_self\">Produit \/ Service n\u00b0 1<\/a><\/h3><p>Utilisez cette section pour indiquer l\u2019article qui fait la r\u00e9putation de votre soci\u00e9t\u00e9, qu\u2019il s\u2019agisse d\u2019un ballon de football, d\u2019un macaron ou d\u2019un T-shirt.<\/p><p><a href=\"#\" target=\"_self\">En savoir plus<\/a><br \/> <a href=\"#\" target=\"_self\"><br \/> <img src=\"http:\/\/www.corniche.international\/wp-content\/uploads\/2017\/04\/home-2.jpg\" alt=\"home-2\" \/><br \/> <\/a><\/p><h3><a href=\"#\" target=\"_self\">Produit \/ Service n\u00b0 2<\/a><\/h3><p>Quel autre article populaire proposez-vous \u00e0 la vente ou au commerce\u00a0? Utilisez cette section pour pr\u00e9senter cet article en termes \u00e9logieux et inoubliables, parfaits pour persuader vos visiteurs qu\u2019ils doivent en faire l\u2019acquisition.<\/p><p><a href=\"#\" target=\"_self\">En savoir plus<\/a><br \/> <a href=\"#\" target=\"_self\"><br \/> <img src=\"http:\/\/www.corniche.international\/wp-content\/uploads\/2017\/04\/home-3.jpg\" alt=\"home-3\" \/><br \/> <\/a><\/p><h3><a href=\"#\" target=\"_self\">Produit \/ Service n\u00b0 3<\/a><\/h3><p>Vous ne devez pas voir ce produit ou service comme votre troisi\u00e8me favori, mais comme la m\u00e9daille de bronze des Jeux Olympiques des meilleurs produits\/services.<\/p><p><a href=\"#\" target=\"_self\">En savoir plus<\/a><\/p><h3>Votre message principal<\/h3><p>Utilisez cet espace pour pr\u00e9senter aux visiteurs l\u2019activit\u00e9 de votre soci\u00e9t\u00e9 et leur en expliquer le pourquoi et le comment. Quel est votre titre de gloire\u00a0? Qui sont vos adeptes\u00a0? Quel est votre principal avantage sur la concurrence\u00a0?<\/p><p>Incluez tous les facteurs qui permettent de d\u00e9marquer votre activit\u00e9 en surpassant la concurrence. Avez-vous brevet\u00e9 un processus de taxidermie en 13\u00a0\u00e9tapes qui permet d\u2019obtenir des chouettes plus vraies que nature\u00a0? Pensez \u00e0 le mentionner.<\/p><p>Votre choix ne s\u2019arr\u00eate pas l\u00e0\u00a0: r\u00e9compenses et distinctions re\u00e7ues, nombre de produits vendus, philosophie de la soci\u00e9t\u00e9 (t\u00e2chez quand m\u00eame de faire court), dates importantes dans l\u2019histoire de la soci\u00e9t\u00e9 et tout autre point qui laisseront penser au lecteur qu\u2019il ne doit pas laisser passer l\u2019occasion de faire des affaires avec vous.<\/p><p><img src=\"http:\/\/www.corniche.international\/wp-content\/uploads\/2017\/04\/home-4.jpg\" alt=\"home-4\" \/><\/p><h3>\u00c9tapes suivantes...<\/h3><p>Cette \u00e9tape doit inciter votre prospect \u00e0 passer \u00e0 l\u2019action, par exemple pour demander un devis ou consulter votre catalogue des produits.<\/p><p><a role=\"button\" target=\"_self\"><br \/> Appel \u00e0 l\u2019action<br \/> <\/a><\/p>","_et_gb_content_width":"","footnotes":""},"class_list":["post-9645","page","type-page","status-publish","hentry"],"_links":{"self":[{"href":"https:\/\/www.reserveroyale.com\/ja\/wp-json\/wp\/v2\/pages\/9645\/"}],"collection":[{"href":"https:\/\/www.reserveroyale.com\/ja\/wp-json\/wp\/v2\/pages\/"}],"about":[{"href":"https:\/\/www.reserveroyale.com\/ja\/wp-json\/wp\/v2\/types\/page\/"}],"author":[{"embeddable":true,"href":"https:\/\/www.reserveroyale.com\/ja\/wp-json\/wp\/v2\/users\/1\/"}],"replies":[{"embeddable":true,"href":"https:\/\/www.reserveroyale.com\/ja\/wp-json\/wp\/v2\/comments\/?post=9645"}],"version-history":[{"count":16,"href":"https:\/\/www.reserveroyale.com\/ja\/wp-json\/wp\/v2\/pages\/9645\/revisions\/"}],"predecessor-version":[{"id":10127,"href":"https:\/\/www.reserveroyale.com\/ja\/wp-json\/wp\/v2\/pages\/9645\/revisions\/10127\/"}],"wp:attachment":[{"href":"https:\/\/www.reserveroyale.com\/ja\/wp-json\/wp\/v2\/media\/?parent=9645"}],"curies":[{"name":"wp","href":"https:\/\/api.w.org\/{rel}","templated":true}]}}