{"id":9739,"date":"2018-10-18T16:05:25","date_gmt":"2018-10-18T14:05:25","guid":{"rendered":"http:\/\/www.reserveroyale.com\/terms-and-conditions\/"},"modified":"2018-10-18T16:05:25","modified_gmt":"2018-10-18T14:05:25","slug":"terms-and-conditions","status":"publish","type":"page","link":"https:\/\/www.reserveroyale.com\/ja\/terms-and-conditions\/","title":{"rendered":"Terms and Conditions"},"content":{"rendered":"<p>[et_pb_section fb_built=&#8221;1&#8243; _builder_version=&#8221;3.0.47&#8243;][et_pb_row _builder_version=&#8221;3.0.47&#8243; background_size=&#8221;initial&#8221; background_position=&#8221;top_left&#8221; background_repeat=&#8221;repeat&#8221;][et_pb_column type=&#8221;4_4&#8243; _builder_version=&#8221;3.0.105&#8243; parallax=&#8221;off&#8221; parallax_method=&#8221;on&#8221;][et_pb_text _builder_version=&#8221;3.0.105&#8243; header_font=&#8221;||||||||&#8221;]<\/p>\n<h2 style=\"text-align: justify;\">Terms and conditions<\/h2>\n<p style=\"text-align: justify;\">\n<p style=\"text-align: justify;\">R\u00e9serve Royale would like to thank you for visiting its website (\u201cthe Site\u201d).<\/p>\n<p style=\"text-align: justify;\">R\u00e9serve Royale maintains this site for the personal use of those legally authorised to purchase alcoholic beverages and in countries where the purchase of alcoholic beverages is permitted.<\/p>\n<p style=\"text-align: justify;\">By browsing this site, you are indicating acceptance of the terms set out below and undertaking to abide by them. R\u00e9serve Royale reserves the right to modify the terms at any time and you should therefore re-examine them each time you access the Site.<\/p>\n<p style=\"text-align: justify;\">Please leave this Site immediately if you do not accept these terms, if you are under the legal age for the purchase of alcoholic beverages in the country in which you are currently located or if you are in a country where the use of this Site is not permitted.<\/p>\n<p style=\"text-align: justify;\"><strong>1. Use of material<\/strong><\/p>\n<p style=\"text-align: justify;\">You may print out or cause to be printed out all downloadable material contained on this Site as long as the following five conditions are met: (i) the material is destined exclusively for personal and not commercial use; (ii) no advice of copyright or reference to ownership rights is removed from the material; (iii) the material is not in any way modified; (iv) you are located in a country where the purchase of alcoholic beverages is permitted; (v) you are legally of age for the purchase of alcoholic beverages in the country in which you are located.<\/p>\n<p style=\"text-align: justify;\"><strong>2. Copyright, trademarks and other intellectual property right<\/strong><\/p>\n<p style=\"text-align: justify;\">The content of the Site, including but not limited to all trademarks, designs, logos, texts, images, audio and video material is \u2013 unless expressly stated otherwise \u2013 the property of R\u00e9serve Royale and its related companies (such as Corniche Belgium International SPRL) (\u201cexclusive property of R\u00e9serve Royale\u201d). This exclusive property of R\u00e9serve Royale is protected under the law of France and of other countries worldwide and under the terms of international agreements. You do not have the right to remove from any item of the exclusive property of R\u00e9serve Royale any notice of copyright or other reference to property rights. You may not copy, publish, download, display, reproduce, adapt, translate, distribute, modify, transmit, create a derivative work from or otherwise use the exclusive property of R\u00e9serve Royale in any manner whatsoever without prior authorisation in writing from R\u00e9serve Royale.<\/p>\n<p style=\"text-align: justify;\"><strong>3. Absence of Licence<\/strong><\/p>\n<p style=\"text-align: justify;\">Apart from the limited uses of downloading and printing certain material from this Site for purely non-commercial and personal use, all copying whether in electronic, hard-copy or any other form, is strictly forbidden. You hereby acknowledge that you have been granted no user licence nor user right in any form to the exclusive property of R\u00e9serve Royale in respect of the Site content, neither implicitly nor by barring plea nor by any other means. All rights and title in \u2013 and all interests in \u2013 all aspects of the exclusive property of R\u00e9serve Royale will remain the exclusive property of R\u00e9serve Royale.<\/p>\n<p style=\"text-align: justify;\"><strong>4. Absence of Guarantees<\/strong><\/p>\n<p style=\"text-align: justify;\">You use this Site at your own risk. The Site and its content are provided \u201cas is\u201d and with no guarantee, whether explicit or implicit, of any sort, including but not limited to implicit guarantees of quality of goods as fit for sale, of non-violation of third party rights, in particular breach of intellectual property rights, fitness for a particular purpose, and all guarantees that access to the Site will be uninterrupted or error-free, that the Site will be protected or free from viruses or any other nuisance, or that the information provided on the Site will be complete, accurate or opportune.<\/p>\n<p style=\"text-align: justify;\"><strong>5. Limitation of Liability<\/strong><\/p>\n<p style=\"text-align: justify;\">Within the limits of what is permitted under current legislation, neither R\u00e9serve Royale nor its related companies, its executives or employees may be held liable to pay you any form of damages or compensation for any prejudice you may suffer of any nature whatsoever (including but not limited to direct or indirect prejudice corresponding to associated costs incurred, specific and repressive damages, loss of profits and damage resulting from loss of data, transmission times, fault, error, omission or interruption of service), arising from or related to the use or impossibility of using the Site and its content, whether by virtue of any guarantee, in contractual, legally punishable or any other terms, irrespective of whether R\u00e9serve Royale may or may not have been negligent or may or may not have been aware of the possibility of such damage arising.<\/p>\n<p style=\"text-align: justify;\"><strong>6. Information transmitted to the Site<\/strong><\/p>\n<p style=\"text-align: justify;\">With the exception of personal data, any information or other content (\u201cthe Content\u201d) you transmit to the Site by e-mail, recording, downloading or any other means, will be treated as non-confidential and as not being of an exclusive nature. In transmitting the Content to the Site, you are automatically granting R\u00e9serve Royale a licence \u2013 free of royalties, perpetual, irrevocable and non-exclusive \u2013 to use, copy, distribute, reproduce, modify, publish, format, translate, incorporate into a derivative work, distribute and display the Content in whole or in part, using any form, medium or technology, either known at present or that may be developed in the future, and also to sub-license such rights to the Content. You also thereby grant R\u00e9serve Royale the right to use the ideas, concepts, know-how or techniques present in the Content, for any purpose whatsoever including but not limited to product development, manufacturing and marketing.<\/p>\n<p style=\"text-align: justify;\">You undertake not to transmit to the Site any illegal, fraudulent, threatening, defamatory, obscene, scandalous, pornographic or blasphemous content or any other Content which might constitute or encourage behaviour in breach of the law. R\u00e9serve Royale will cooperate fully with all legal authorities or with any court injunction requesting or requiring R\u00e9serve Royale to divulge the identity of, or assist in identifying or locating, anyone transmitting such content. R\u00e9serve Royale reserves the right to filter out messages from any persons persistently adopting behaviour in breach of these Terms.<\/p>\n<p style=\"text-align: justify;\">R\u00e9serve Royale does not pre-screen or check the Content transmitted to the site and is not responsible for its screening or checking.<\/p>\n<p style=\"text-align: justify;\">In transmitting Content to the Site, you acknowledge that R\u00e9serve Royale has the right to withdraw and delete it from the Site as R\u00e9serve Royale may see fit. If informed that the Content is in breach of the Terms, R\u00e9serve Royale may decide to remove the Content from the Site. R\u00e9serve Royale is under no obligation, however, to withdraw transmitted Content from the Site and accepts no liability arising from or relating to this Content, including but not limited to any error, slander, defamation, insult, omission, falsehood, obscenity, pornography, blasphemy, danger or inaccuracy that may be found there. R\u00e9serve Royale accepts no liability for any legal action brought in relation to the Content transmitted by or between you and a third party within or outside this Site.<\/p>\n<p style=\"text-align: justify;\"><strong>7. Links<\/strong><\/p>\n<p style=\"text-align: justify;\">R\u00e9serve Royale cannot under any circumstances be held liable for the content of any site to which you may be directed from this site. R\u00e9serve Royale has no control over such sites, and neither publishes them nor monitors them.<\/p>\n<p style=\"text-align: justify;\"><strong>8. Restriction, suspension and interruption<\/strong><\/p>\n<p style=\"text-align: justify;\">R\u00e9serve Royale reserves the right to restrict, suspend or terminate your access to the site or to any function or part thereof, at any time and with or without prior notice.<\/p>\n<p style=\"text-align: justify;\"><strong>9. Applicable Laws and Jurisdiction<\/strong><\/p>\n<p style=\"text-align: justify;\">These Terms are governed by \u2013 and interpreted in accordance with \u2013 Belgian law. You hereby irrevocably accept the jurisdiction of the Belgian courts in any legal proceedings arising from or related to these Terms or to your browsing or use of this Site.<\/p>\n<p>[\/et_pb_text][\/et_pb_column][\/et_pb_row][\/et_pb_section]<\/p>\n","protected":false},"excerpt":{"rendered":"<p>[et_pb_section fb_built=&#8221;1&#8243; _builder_version=&#8221;3.0.47&#8243;][et_pb_row _builder_version=&#038;#82 [&hellip;]<\/p>\n","protected":false},"author":1,"featured_media":0,"parent":0,"menu_order":0,"comment_status":"closed","ping_status":"closed","template":"","meta":{"_et_pb_use_builder":"on","_et_pb_old_content":"","_et_gb_content_width":"","footnotes":""},"class_list":["post-9739","page","type-page","status-publish","hentry"],"_links":{"self":[{"href":"https:\/\/www.reserveroyale.com\/ja\/wp-json\/wp\/v2\/pages\/9739\/"}],"collection":[{"href":"https:\/\/www.reserveroyale.com\/ja\/wp-json\/wp\/v2\/pages\/"}],"about":[{"href":"https:\/\/www.reserveroyale.com\/ja\/wp-json\/wp\/v2\/types\/page\/"}],"author":[{"embeddable":true,"href":"https:\/\/www.reserveroyale.com\/ja\/wp-json\/wp\/v2\/users\/1\/"}],"replies":[{"embeddable":true,"href":"https:\/\/www.reserveroyale.com\/ja\/wp-json\/wp\/v2\/comments\/?post=9739"}],"version-history":[{"count":1,"href":"https:\/\/www.reserveroyale.com\/ja\/wp-json\/wp\/v2\/pages\/9739\/revisions\/"}],"predecessor-version":[{"id":9740,"href":"https:\/\/www.reserveroyale.com\/ja\/wp-json\/wp\/v2\/pages\/9739\/revisions\/9740\/"}],"wp:attachment":[{"href":"https:\/\/www.reserveroyale.com\/ja\/wp-json\/wp\/v2\/media\/?parent=9739"}],"curies":[{"name":"wp","href":"https:\/\/api.w.org\/{rel}","templated":true}]}}